{"id":3042,"date":"2025-02-15T14:53:03","date_gmt":"2025-02-15T14:53:03","guid":{"rendered":"https:\/\/www.compassrentals.co.uk\/viaggi-su-strada\/"},"modified":"2025-08-17T15:27:52","modified_gmt":"2025-08-17T14:27:52","slug":"viaggi-su-strada","status":"publish","type":"page","link":"https:\/\/www.compassrentals.co.uk\/it\/viaggi-su-strada\/","title":{"rendered":"Viaggi su strada"},"content":{"rendered":"\n<section id=\"hero-block_d4b31a3fb12ef6d09aeff1a2ff02cefb\" class=\"hero layers bg dark\">\n    <div class=\"layer content elements\">\n        <div class=\"inner text-center tall\">\n            <div class=\"container tall\">\n                <div class=\"detail tall hero-gap \">\n                    <div class=\"hero-header\">\n                        <h1>\n                                                            Viaggi su strada                                                    <\/h1>\n                    <\/div>\n                                    <\/div>\n            <\/div>\n        <\/div>\n    <\/div>\n    <div class=\"layer graphic\">\n        <figure class=\"media banner overlay tall\">\n                            <img fetchpriority=\"high\" decoding=\"async\" width=\"1500\" height=\"750\" src=\"https:\/\/www.compassrentals.co.uk\/wp-content\/uploads\/2025\/05\/shutterstock_2509287317-1.jpg\" class=\"attachment-huge size-huge\" alt=\"\" loading=\"eager\" srcset=\"https:\/\/www.compassrentals.co.uk\/wp-content\/uploads\/2025\/05\/shutterstock_2509287317-1.jpg 1500w, https:\/\/www.compassrentals.co.uk\/wp-content\/uploads\/2025\/05\/shutterstock_2509287317-1-992x496.jpg 992w, https:\/\/www.compassrentals.co.uk\/wp-content\/uploads\/2025\/05\/shutterstock_2509287317-1-576x288.jpg 576w, https:\/\/www.compassrentals.co.uk\/wp-content\/uploads\/2025\/05\/shutterstock_2509287317-1-1200x600.jpg 1200w, https:\/\/www.compassrentals.co.uk\/wp-content\/uploads\/2025\/05\/shutterstock_2509287317-1-335x168.jpg 335w, https:\/\/www.compassrentals.co.uk\/wp-content\/uploads\/2025\/05\/shutterstock_2509287317-1-600x300.jpg 600w\" sizes=\"(max-width: 1500px) 100vw, 1500px\" \/>                    <\/figure>\n    <\/div>\n<\/section><section id=\"cards-block_2d717d4a62937e7551a005a4a274342c\"\n         class=\"block-padding bg blu sbiadito\">\n    <div class=\"container elements group-gap large\">\n        \n    <header class=\"block-intro row justify-content-lg-center\">\n        <div class=\"col-lg-8\">\n            <div class=\"group-gap small text-center\">\n                                    <p>Localit\u00e0<\/p>\n                                <h2>Le nostre guide<\/h2>\n                                    <div class=\"editor\">\n                        <p>Intraprendi un viaggio su strada mozzafiato attraverso la Scozia, da Inverness alla selvaggia Isola di Skye e agli splendidi paesaggi di Glencoe. Vivi storia, natura e avventura in un unico viaggio indimenticabile. <\/p>\n                    <\/div>\n                            <\/div>\n        <\/div>\n    <\/header>\n                    <div class=\"swiper cards\" data-items=\"3\">\n                <div class=\"swiper-wrapper\">\n                                            <article\n                                id=\"post-3042\" class=\"swiper-slide d-flex post-3042 page type-page status-publish hentry\">\n                            <div class=\"card link-cover\">\n                                <div class=\"card-top padded text-center group-gap standard\">\n                                                                            <figure class=\"media square rounded-area\">\n                                            <img decoding=\"async\" width=\"992\" height=\"662\" src=\"https:\/\/www.compassrentals.co.uk\/wp-content\/uploads\/2025\/05\/shutterstock_464651927-1024x683-1-992x662.jpg\" class=\"attachment-medium size-medium\" alt=\"\" loading=\"lazy\" srcset=\"https:\/\/www.compassrentals.co.uk\/wp-content\/uploads\/2025\/05\/shutterstock_464651927-1024x683-1-992x662.jpg 992w, https:\/\/www.compassrentals.co.uk\/wp-content\/uploads\/2025\/05\/shutterstock_464651927-1024x683-1-576x384.jpg 576w, https:\/\/www.compassrentals.co.uk\/wp-content\/uploads\/2025\/05\/shutterstock_464651927-1024x683-1-335x223.jpg 335w, https:\/\/www.compassrentals.co.uk\/wp-content\/uploads\/2025\/05\/shutterstock_464651927-1024x683-1-600x400.jpg 600w, https:\/\/www.compassrentals.co.uk\/wp-content\/uploads\/2025\/05\/shutterstock_464651927-1024x683-1.jpg 1024w\" sizes=\"auto, (max-width: 992px) 100vw, 992px\" \/>                                        <\/figure>\n                                                                                                                <h2 class=\"serif font-increase\">\n                                            North Coast 500                                        <\/h2>\n                                                                    <\/div>\n                                <div class=\"card-bottom padded d-flex flex-column justify-content-between group-gap standard\">\n                                                                            <div class=\"editor\">\n                                            <p>Percorrere la North Coast 500 \u00e8 nella lista dei desideri di molti viaggiatori. \u00c8 uno dei percorsi pi\u00f9 belli del mondo e ideale per chi ama vivere il lato pi\u00f9 avventuroso della vita. <\/p>\n                                        <\/div>\n                                                                                                                <div class=\"button-link\">\n                                            <a class=\"button no-arrow secondary d-flex link-cover-target\"\n                                               href=\"https:\/\/www.compassrentals.co.uk\/nc500-5-day-itinerary\/\"\n                                               target=\"_self\">\n                                                Visualizza la guida                                            <\/a>\n                                        <\/div>\n                                                                    <\/div>\n                            <\/div>\n                        <\/article>\n                                            <article\n                                id=\"post-3042\" class=\"swiper-slide d-flex post-3042 page type-page status-publish hentry\">\n                            <div class=\"card link-cover\">\n                                <div class=\"card-top padded text-center group-gap standard\">\n                                                                            <figure class=\"media square rounded-area\">\n                                            <img decoding=\"async\" width=\"992\" height=\"662\" src=\"https:\/\/www.compassrentals.co.uk\/wp-content\/uploads\/2025\/05\/shutterstock_1210987498-1024x683-1-992x662.jpg\" class=\"attachment-medium size-medium\" alt=\"\" loading=\"lazy\" srcset=\"https:\/\/www.compassrentals.co.uk\/wp-content\/uploads\/2025\/05\/shutterstock_1210987498-1024x683-1-992x662.jpg 992w, https:\/\/www.compassrentals.co.uk\/wp-content\/uploads\/2025\/05\/shutterstock_1210987498-1024x683-1-576x384.jpg 576w, https:\/\/www.compassrentals.co.uk\/wp-content\/uploads\/2025\/05\/shutterstock_1210987498-1024x683-1-335x223.jpg 335w, https:\/\/www.compassrentals.co.uk\/wp-content\/uploads\/2025\/05\/shutterstock_1210987498-1024x683-1-600x400.jpg 600w, https:\/\/www.compassrentals.co.uk\/wp-content\/uploads\/2025\/05\/shutterstock_1210987498-1024x683-1.jpg 1024w\" sizes=\"auto, (max-width: 992px) 100vw, 992px\" \/>                                        <\/figure>\n                                                                                                                <h2 class=\"serif font-increase\">\n                                            Costa orientale della Scozia                                        <\/h2>\n                                                                    <\/div>\n                                <div class=\"card-bottom padded d-flex flex-column justify-content-between group-gap standard\">\n                                                                            <div class=\"editor\">\n                                            <p>Situata a est della Scozia, questa costa offre alcuni dei panorami pi\u00f9 suggestivi e dei luoghi d&#8217;interesse pi\u00f9 affascinanti del Regno Unito, rendendola una destinazione ideale per un viaggio su strada.<\/p>\n                                        <\/div>\n                                                                                                                <div class=\"button-link\">\n                                            <a class=\"button no-arrow secondary d-flex link-cover-target\"\n                                               href=\"https:\/\/www.compassrentals.co.uk\/east-coast-scotland-road-trip\/\"\n                                               target=\"_self\">\n                                                Visualizza la guida                                            <\/a>\n                                        <\/div>\n                                                                    <\/div>\n                            <\/div>\n                        <\/article>\n                                            <article\n                                id=\"post-3042\" class=\"swiper-slide d-flex post-3042 page type-page status-publish hentry\">\n                            <div class=\"card link-cover\">\n                                <div class=\"card-top padded text-center group-gap standard\">\n                                                                            <figure class=\"media square rounded-area\">\n                                            <img decoding=\"async\" width=\"992\" height=\"662\" src=\"https:\/\/www.compassrentals.co.uk\/wp-content\/uploads\/2025\/05\/shutterstock_2333259719-1024x683-1-992x662.jpg\" class=\"attachment-medium size-medium\" alt=\"\" loading=\"lazy\" srcset=\"https:\/\/www.compassrentals.co.uk\/wp-content\/uploads\/2025\/05\/shutterstock_2333259719-1024x683-1-992x662.jpg 992w, https:\/\/www.compassrentals.co.uk\/wp-content\/uploads\/2025\/05\/shutterstock_2333259719-1024x683-1-576x384.jpg 576w, https:\/\/www.compassrentals.co.uk\/wp-content\/uploads\/2025\/05\/shutterstock_2333259719-1024x683-1-335x223.jpg 335w, https:\/\/www.compassrentals.co.uk\/wp-content\/uploads\/2025\/05\/shutterstock_2333259719-1024x683-1-600x400.jpg 600w, https:\/\/www.compassrentals.co.uk\/wp-content\/uploads\/2025\/05\/shutterstock_2333259719-1024x683-1.jpg 1024w\" sizes=\"auto, (max-width: 992px) 100vw, 992px\" \/>                                        <\/figure>\n                                                                                                                <h2 class=\"serif font-increase\">\n                                            Costa occidentale della Scozia                                        <\/h2>\n                                                                    <\/div>\n                                <div class=\"card-bottom padded d-flex flex-column justify-content-between group-gap standard\">\n                                                                            <div class=\"editor\">\n                                            <p>Uno dei viaggi panoramici pi\u00f9 spettacolari della Gran Bretagna, un percorso lungo la costa occidentale della Scozia offre paesaggi mozzafiato ed esperienze indimenticabili.<\/p>\n                                        <\/div>\n                                                                                                                <div class=\"button-link\">\n                                            <a class=\"button no-arrow secondary d-flex link-cover-target\"\n                                               href=\"https:\/\/www.compassrentals.co.uk\/west-coast-scotland-road-trip\/\"\n                                               target=\"_self\">\n                                                Visualizza la guida                                            <\/a>\n                                        <\/div>\n                                                                    <\/div>\n                            <\/div>\n                        <\/article>\n                                    <\/div>\n                <div class=\"swiper-controls\">\n    <div class=\"inner\">\n        <div class=\"swiper-button-prev\"><\/div>\n        <div class=\"swiper-pagination\"><\/div>\n        <div class=\"swiper-button-next\"><\/div>\n    <\/div>\n<\/div>            <\/div>\n                    <\/div>\n<\/section>\n<section id=\"panels-block_98954765d69d8ffec5aa60c54a1e0dde\"\n         class=\"layers stack bg navy-dark\">\n    <div class=\"layer content\">\n        <div class=\"container tall\">\n            <div class=\"row gx-lg-6 tall \">\n                <div class=\"col-lg-6 elements d-flex align-items-center\">\n                    <div class=\"block-padding group-gap small\">\n                                                    <p>Come in, we are open<\/p>\n                                                                            <h2>Opening hours<\/h2>\n                                                                            <div class=\"editor\">\n                                <p>Monday to Sunday: 9am &#8211; 5pm<\/p>\n<p>We\u2019re here for you 7 days a week, 365 days a year! Feel free to reach out anytime that works for you\u2014we\u2019re always ready to assist!<\/p>\n                            <\/div>\n                                                                    <\/div>\n                <\/div>\n            <\/div>\n        <\/div>\n    <\/div>\n    <div class=\"layer image \">\n        <div class=\"row g-0 tall justify-content-lg-end\">\n            <div class=\"col-lg-6 tall\">\n                <div class=\"layers tall overflow\">\n                                        <div class=\"layer graphic\">\n                        <figure class=\"media tile tall\">\n                                                            <img decoding=\"async\" width=\"1500\" height=\"1060\" src=\"https:\/\/www.compassrentals.co.uk\/wp-content\/uploads\/2025\/03\/banner5-1500x1060.jpg\" class=\"attachment-large size-large\" alt=\"Camper by the beach\" loading=\"lazy\" srcset=\"https:\/\/www.compassrentals.co.uk\/wp-content\/uploads\/2025\/03\/banner5-1500x1060.jpg 1500w, https:\/\/www.compassrentals.co.uk\/wp-content\/uploads\/2025\/03\/banner5-992x701.jpg 992w, https:\/\/www.compassrentals.co.uk\/wp-content\/uploads\/2025\/03\/banner5-576x407.jpg 576w, https:\/\/www.compassrentals.co.uk\/wp-content\/uploads\/2025\/03\/banner5-1200x848.jpg 1200w, https:\/\/www.compassrentals.co.uk\/wp-content\/uploads\/2025\/03\/banner5-1536x1086.jpg 1536w, https:\/\/www.compassrentals.co.uk\/wp-content\/uploads\/2025\/03\/banner5-2048x1448.jpg 2048w, https:\/\/www.compassrentals.co.uk\/wp-content\/uploads\/2025\/03\/banner5-335x237.jpg 335w, https:\/\/www.compassrentals.co.uk\/wp-content\/uploads\/2025\/03\/banner5-600x424.jpg 600w\" sizes=\"auto, (max-width: 1500px) 100vw, 1500px\" \/>                                                    <\/figure>\n                    <\/div>\n                <\/div>\n            <\/div>\n        <\/div>\n    <\/div>\n<\/section>\n<section id=\"panels-block_01dad78a9b228dc6623840cc1bda6678\"\n         class=\"layers stack bg blu chiaro\">\n    <div class=\"layer content\">\n        <div class=\"container tall\">\n            <div class=\"row gx-lg-6 tall \">\n                <div class=\"col-lg-6 elements d-flex align-items-center\">\n                    <div class=\"block-padding group-gap small\">\n                                                    <p>Centro assistenza<\/p>\n                                                                            <h2>Hai domande? Abbiamo risposte! <\/h2>\n                                                                            <div class=\"editor\">\n                                <p>Abbiamo raccolto tutte le nostre domande pi\u00f9 frequenti in un unico posto, quindi se hai una domanda, consulta il nostro centro assistenza.<\/p>\n                            <\/div>\n                                                                            <a class=\"button tertiary\" href=\"https:\/\/www.compassrentals.co.uk\/frequently-asked-questions\/\"\n                               target=\"_self\">Al centro assistenza<\/a>\n                                            <\/div>\n                <\/div>\n            <\/div>\n        <\/div>\n    <\/div>\n    <div class=\"layer image image-gap\">\n        <div class=\"row g-0 tall justify-content-lg-end\">\n            <div class=\"col-lg-6 tall\">\n                <div class=\"layers tall overflow\">\n                                        <div class=\"layer graphic\">\n                        <figure class=\"media tile tall\">\n                                                            <img decoding=\"async\" width=\"983\" height=\"892\" src=\"https:\/\/www.compassrentals.co.uk\/wp-content\/uploads\/2025\/02\/graphic.png\" class=\"attachment-large size-large\" alt=\"Questions\" loading=\"lazy\" srcset=\"https:\/\/www.compassrentals.co.uk\/wp-content\/uploads\/2025\/02\/graphic.png 983w, https:\/\/www.compassrentals.co.uk\/wp-content\/uploads\/2025\/02\/graphic-576x523.png 576w, https:\/\/www.compassrentals.co.uk\/wp-content\/uploads\/2025\/02\/graphic-335x304.png 335w\" sizes=\"auto, (max-width: 983px) 100vw, 983px\" \/>                                                    <\/figure>\n                    <\/div>\n                <\/div>\n            <\/div>\n        <\/div>\n    <\/div>\n<\/section>","protected":false},"excerpt":{"rendered":"","protected":false},"author":1,"featured_media":0,"parent":0,"menu_order":0,"comment_status":"closed","ping_status":"closed","template":"","meta":{"_acf_changed":false,"footnotes":""},"class_list":["post-3042","page","type-page","status-publish","hentry"],"acf":[],"yoast_head":"<!-- This site is optimized with the Yoast SEO plugin v27.3 - https:\/\/yoast.com\/product\/yoast-seo-wordpress\/ -->\n<title>Viaggi su strada - Compass Campers<\/title>\n<meta name=\"robots\" content=\"index, follow, max-snippet:-1, max-image-preview:large, max-video-preview:-1\" \/>\n<link rel=\"canonical\" href=\"https:\/\/www.compassrentals.co.uk\/it\/viaggi-su-strada\/\" \/>\n<meta property=\"og:locale\" content=\"it_IT\" \/>\n<meta property=\"og:type\" content=\"article\" \/>\n<meta property=\"og:title\" content=\"Viaggi su strada - Compass Campers\" \/>\n<meta property=\"og:url\" content=\"https:\/\/www.compassrentals.co.uk\/it\/viaggi-su-strada\/\" \/>\n<meta property=\"og:site_name\" content=\"Compass Campers\" \/>\n<meta property=\"article:modified_time\" content=\"2025-08-17T14:27:52+00:00\" \/>\n<meta name=\"twitter:card\" content=\"summary_large_image\" \/>\n<script type=\"application\/ld+json\" class=\"yoast-schema-graph\">{\"@context\":\"https:\\\/\\\/schema.org\",\"@graph\":[{\"@type\":\"WebPage\",\"@id\":\"https:\\\/\\\/www.compassrentals.co.uk\\\/it\\\/viaggi-su-strada\\\/\",\"url\":\"https:\\\/\\\/www.compassrentals.co.uk\\\/it\\\/viaggi-su-strada\\\/\",\"name\":\"Viaggi su strada - Compass Campers\",\"isPartOf\":{\"@id\":\"https:\\\/\\\/www.compassrentals.co.uk\\\/it\\\/#website\"},\"datePublished\":\"2025-02-15T14:53:03+00:00\",\"dateModified\":\"2025-08-17T14:27:52+00:00\",\"breadcrumb\":{\"@id\":\"https:\\\/\\\/www.compassrentals.co.uk\\\/it\\\/viaggi-su-strada\\\/#breadcrumb\"},\"inLanguage\":\"it-IT\",\"potentialAction\":[{\"@type\":\"ReadAction\",\"target\":[\"https:\\\/\\\/www.compassrentals.co.uk\\\/it\\\/viaggi-su-strada\\\/\"]}]},{\"@type\":\"BreadcrumbList\",\"@id\":\"https:\\\/\\\/www.compassrentals.co.uk\\\/it\\\/viaggi-su-strada\\\/#breadcrumb\",\"itemListElement\":[{\"@type\":\"ListItem\",\"position\":1,\"name\":\"Home\",\"item\":\"https:\\\/\\\/www.compassrentals.co.uk\\\/it\\\/\"},{\"@type\":\"ListItem\",\"position\":2,\"name\":\"Viaggi su strada\"}]},{\"@type\":\"WebSite\",\"@id\":\"https:\\\/\\\/www.compassrentals.co.uk\\\/it\\\/#website\",\"url\":\"https:\\\/\\\/www.compassrentals.co.uk\\\/it\\\/\",\"name\":\"Compass Campers\",\"description\":\"Campervan Hire In Scotland\",\"potentialAction\":[{\"@type\":\"SearchAction\",\"target\":{\"@type\":\"EntryPoint\",\"urlTemplate\":\"https:\\\/\\\/www.compassrentals.co.uk\\\/it\\\/?s={search_term_string}\"},\"query-input\":{\"@type\":\"PropertyValueSpecification\",\"valueRequired\":true,\"valueName\":\"search_term_string\"}}],\"inLanguage\":\"it-IT\"}]}<\/script>\n<!-- \/ Yoast SEO plugin. -->","yoast_head_json":{"title":"Viaggi su strada - Compass Campers","robots":{"index":"index","follow":"follow","max-snippet":"max-snippet:-1","max-image-preview":"max-image-preview:large","max-video-preview":"max-video-preview:-1"},"canonical":"https:\/\/www.compassrentals.co.uk\/it\/viaggi-su-strada\/","og_locale":"it_IT","og_type":"article","og_title":"Viaggi su strada - Compass Campers","og_url":"https:\/\/www.compassrentals.co.uk\/it\/viaggi-su-strada\/","og_site_name":"Compass Campers","article_modified_time":"2025-08-17T14:27:52+00:00","twitter_card":"summary_large_image","schema":{"@context":"https:\/\/schema.org","@graph":[{"@type":"WebPage","@id":"https:\/\/www.compassrentals.co.uk\/it\/viaggi-su-strada\/","url":"https:\/\/www.compassrentals.co.uk\/it\/viaggi-su-strada\/","name":"Viaggi su strada - Compass Campers","isPartOf":{"@id":"https:\/\/www.compassrentals.co.uk\/it\/#website"},"datePublished":"2025-02-15T14:53:03+00:00","dateModified":"2025-08-17T14:27:52+00:00","breadcrumb":{"@id":"https:\/\/www.compassrentals.co.uk\/it\/viaggi-su-strada\/#breadcrumb"},"inLanguage":"it-IT","potentialAction":[{"@type":"ReadAction","target":["https:\/\/www.compassrentals.co.uk\/it\/viaggi-su-strada\/"]}]},{"@type":"BreadcrumbList","@id":"https:\/\/www.compassrentals.co.uk\/it\/viaggi-su-strada\/#breadcrumb","itemListElement":[{"@type":"ListItem","position":1,"name":"Home","item":"https:\/\/www.compassrentals.co.uk\/it\/"},{"@type":"ListItem","position":2,"name":"Viaggi su strada"}]},{"@type":"WebSite","@id":"https:\/\/www.compassrentals.co.uk\/it\/#website","url":"https:\/\/www.compassrentals.co.uk\/it\/","name":"Compass Campers","description":"Campervan Hire In Scotland","potentialAction":[{"@type":"SearchAction","target":{"@type":"EntryPoint","urlTemplate":"https:\/\/www.compassrentals.co.uk\/it\/?s={search_term_string}"},"query-input":{"@type":"PropertyValueSpecification","valueRequired":true,"valueName":"search_term_string"}}],"inLanguage":"it-IT"}]}},"_links":{"self":[{"href":"https:\/\/www.compassrentals.co.uk\/it\/wp-json\/wp\/v2\/pages\/3042","targetHints":{"allow":["GET"]}}],"collection":[{"href":"https:\/\/www.compassrentals.co.uk\/it\/wp-json\/wp\/v2\/pages"}],"about":[{"href":"https:\/\/www.compassrentals.co.uk\/it\/wp-json\/wp\/v2\/types\/page"}],"author":[{"embeddable":true,"href":"https:\/\/www.compassrentals.co.uk\/it\/wp-json\/wp\/v2\/users\/1"}],"replies":[{"embeddable":true,"href":"https:\/\/www.compassrentals.co.uk\/it\/wp-json\/wp\/v2\/comments?post=3042"}],"version-history":[{"count":1,"href":"https:\/\/www.compassrentals.co.uk\/it\/wp-json\/wp\/v2\/pages\/3042\/revisions"}],"predecessor-version":[{"id":3043,"href":"https:\/\/www.compassrentals.co.uk\/it\/wp-json\/wp\/v2\/pages\/3042\/revisions\/3043"}],"wp:attachment":[{"href":"https:\/\/www.compassrentals.co.uk\/it\/wp-json\/wp\/v2\/media?parent=3042"}],"curies":[{"name":"wp","href":"https:\/\/api.w.org\/{rel}","templated":true}]}}