{"id":3016,"date":"2025-02-20T11:56:26","date_gmt":"2025-02-20T11:56:26","guid":{"rendered":"https:\/\/www.compassrentals.co.uk\/nos-emplacements\/"},"modified":"2025-08-17T15:23:41","modified_gmt":"2025-08-17T14:23:41","slug":"nos-emplacements","status":"publish","type":"page","link":"https:\/\/www.compassrentals.co.uk\/fr\/nos-emplacements\/","title":{"rendered":"Nos emplacements"},"content":{"rendered":"\n<section id=\"hero-block_f6871ffdc0aed786351085a9bff8dc3a\" class=\"hero layers bg dark\">\n    <div class=\"layer content elements\">\n        <div class=\"inner text-center tall\">\n            <div class=\"container tall\">\n                <div class=\"detail tall hero-gap \">\n                    <div class=\"hero-header\">\n                        <h1>\n                                                            Nos emplacements                                                    <\/h1>\n                    <\/div>\n                                    <\/div>\n            <\/div>\n        <\/div>\n    <\/div>\n    <div class=\"layer graphic\">\n        <figure class=\"media banner overlay tall\">\n                            <img fetchpriority=\"high\" decoding=\"async\" width=\"1440\" height=\"600\" src=\"https:\/\/www.compassrentals.co.uk\/wp-content\/uploads\/2025\/03\/banner4.jpg\" class=\"attachment-huge size-huge\" alt=\"Lighthouse sunset\" loading=\"eager\" srcset=\"https:\/\/www.compassrentals.co.uk\/wp-content\/uploads\/2025\/03\/banner4.jpg 1440w, https:\/\/www.compassrentals.co.uk\/wp-content\/uploads\/2025\/03\/banner4-992x413.jpg 992w, https:\/\/www.compassrentals.co.uk\/wp-content\/uploads\/2025\/03\/banner4-576x240.jpg 576w, https:\/\/www.compassrentals.co.uk\/wp-content\/uploads\/2025\/03\/banner4-1200x500.jpg 1200w, https:\/\/www.compassrentals.co.uk\/wp-content\/uploads\/2025\/03\/banner4-335x140.jpg 335w, https:\/\/www.compassrentals.co.uk\/wp-content\/uploads\/2025\/03\/banner4-600x250.jpg 600w\" sizes=\"(max-width: 1440px) 100vw, 1440px\" \/>                    <\/figure>\n    <\/div>\n<\/section>\n<section id=\"accordion-block_ddbcff8356014d1ea0e7d996e29c51b2\"\n         class=\"block-padding bg bleu d\u00e9grad\u00e9 \">\n    <div class=\"container group-gap large\">\n        \n    <header class=\"block-intro row justify-content-lg-center\">\n        <div class=\"col-lg-8\">\n            <div class=\"group-gap small text-center\">\n                                <h2>Nos principaux centres<\/h2>\n                                    <div class=\"editor\">\n                        <p>Nous nous adressons \u00e0 tous ceux qui cherchent \u00e0 <a href=\"https:\/\/zme.589.mytemp.website\/\">louer un camping-car en \u00c9cosse<\/a>, mais voici quelques-uns de nos principaux centres.<\/p>\n                    <\/div>\n                            <\/div>\n        <\/div>\n    <\/header>\n                    <div class=\"row justify-content-lg-center\">\n                <div class=\"col-lg-8\">\n                    <div class=\"accordion \"\n                         id=\"accordion-accordion-block_ddbcff8356014d1ea0e7d996e29c51b2\">\n                                                    <div class=\"accordion-item\">\n                                                                    <h2 class=\"h5\">\n                                        <button class=\"accordion-button trigger collapsed\" type=\"button\"\n                                                data-bs-toggle=\"collapse\"\n                                                data-bs-target=\"#collapse-accordion-block_ddbcff8356014d1ea0e7d996e29c51b2-1\"\n                                                aria-expanded=\"false\"\n                                                aria-controls=\"collapse-accordion-block_ddbcff8356014d1ea0e7d996e29c51b2-1\">\n                                            <span class=\"icon-text\">\n                                                                                                <span>\u00c9dimbourg<\/span>\n                                            <\/span>\n                                        <\/button>\n                                    <\/h2>\n                                                                                                    <div id=\"collapse-accordion-block_ddbcff8356014d1ea0e7d996e29c51b2-1\"\n                                         class=\"accordion-collapse collapse\"\n                                         data-bs-parent=\"#accordion-accordion-block_ddbcff8356014d1ea0e7d996e29c51b2\">\n                                        <div class=\"accordion-body\">\n                                            <div class=\"row g-3\">\n                                                <div class=\"col-lg group-gap standard\">\n                                                    <div class=\"editor\">\n                                                        <p>En savoir plus sur <a href=\"https:\/\/www.compassrentals.co.uk\/edinburgh\/\">nos camping-cars \u00e0 \u00c9dimbourg ici<\/a>.<\/p>\n                                                    <\/div>\n                                                                                                    <\/div>\n                                                                                            <\/div>\n                                        <\/div>\n                                    <\/div>\n                                                            <\/div>\n                                                    <div class=\"accordion-item\">\n                                                                    <h2 class=\"h5\">\n                                        <button class=\"accordion-button trigger collapsed\" type=\"button\"\n                                                data-bs-toggle=\"collapse\"\n                                                data-bs-target=\"#collapse-accordion-block_ddbcff8356014d1ea0e7d996e29c51b2-2\"\n                                                aria-expanded=\"false\"\n                                                aria-controls=\"collapse-accordion-block_ddbcff8356014d1ea0e7d996e29c51b2-2\">\n                                            <span class=\"icon-text\">\n                                                                                                <span>Glasgow<\/span>\n                                            <\/span>\n                                        <\/button>\n                                    <\/h2>\n                                                                                                    <div id=\"collapse-accordion-block_ddbcff8356014d1ea0e7d996e29c51b2-2\"\n                                         class=\"accordion-collapse collapse\"\n                                         data-bs-parent=\"#accordion-accordion-block_ddbcff8356014d1ea0e7d996e29c51b2\">\n                                        <div class=\"accordion-body\">\n                                            <div class=\"row g-3\">\n                                                <div class=\"col-lg group-gap standard\">\n                                                    <div class=\"editor\">\n                                                        <p>Voir nos <a href=\"https:\/\/www.compassrentals.co.uk\/glasgow\/\">camping-cars \u00e0 Glasgow ici<\/a>.<\/p>\n                                                    <\/div>\n                                                                                                    <\/div>\n                                                                                            <\/div>\n                                        <\/div>\n                                    <\/div>\n                                                            <\/div>\n                                                    <div class=\"accordion-item\">\n                                                                    <h2 class=\"h5\">\n                                        <button class=\"accordion-button trigger collapsed\" type=\"button\"\n                                                data-bs-toggle=\"collapse\"\n                                                data-bs-target=\"#collapse-accordion-block_ddbcff8356014d1ea0e7d996e29c51b2-3\"\n                                                aria-expanded=\"false\"\n                                                aria-controls=\"collapse-accordion-block_ddbcff8356014d1ea0e7d996e29c51b2-3\">\n                                            <span class=\"icon-text\">\n                                                                                                <span>Ayrshire<\/span>\n                                            <\/span>\n                                        <\/button>\n                                    <\/h2>\n                                                                                                    <div id=\"collapse-accordion-block_ddbcff8356014d1ea0e7d996e29c51b2-3\"\n                                         class=\"accordion-collapse collapse\"\n                                         data-bs-parent=\"#accordion-accordion-block_ddbcff8356014d1ea0e7d996e29c51b2\">\n                                        <div class=\"accordion-body\">\n                                            <div class=\"row g-3\">\n                                                <div class=\"col-lg group-gap standard\">\n                                                    <div class=\"editor\">\n                                                        <p>Voir nos <a href=\"https:\/\/www.compassrentals.co.uk\/ayrshire\/\">camping-cars Ayshire<\/a>.<\/p>\n                                                    <\/div>\n                                                                                                    <\/div>\n                                                                                            <\/div>\n                                        <\/div>\n                                    <\/div>\n                                                            <\/div>\n                                            <\/div>\n                <\/div>\n            <\/div>\n            <\/div>\n<\/section>\n<section id=\"panels-block_3abd3ba0b631c2198b986889990f1fbc\"\n         class=\"layers stack bg navy-dark\">\n    <div class=\"layer content\">\n        <div class=\"container tall\">\n            <div class=\"row gx-lg-6 tall \">\n                <div class=\"col-lg-6 elements d-flex align-items-center\">\n                    <div class=\"block-padding group-gap small\">\n                                                    <p>Come in, we are open<\/p>\n                                                                            <h2>Opening hours<\/h2>\n                                                                            <div class=\"editor\">\n                                <p>Monday to Sunday: 9am &#8211; 5pm<\/p>\n<p>We\u2019re here for you 7 days a week, 365 days a year! Feel free to reach out anytime that works for you\u2014we\u2019re always ready to assist!<\/p>\n                            <\/div>\n                                                                    <\/div>\n                <\/div>\n            <\/div>\n        <\/div>\n    <\/div>\n    <div class=\"layer image \">\n        <div class=\"row g-0 tall justify-content-lg-end\">\n            <div class=\"col-lg-6 tall\">\n                <div class=\"layers tall overflow\">\n                                        <div class=\"layer graphic\">\n                        <figure class=\"media tile tall\">\n                                                            <img decoding=\"async\" width=\"1500\" height=\"1060\" src=\"https:\/\/www.compassrentals.co.uk\/wp-content\/uploads\/2025\/03\/banner5-1500x1060.jpg\" class=\"attachment-large size-large\" alt=\"Camper by the beach\" loading=\"lazy\" srcset=\"https:\/\/www.compassrentals.co.uk\/wp-content\/uploads\/2025\/03\/banner5-1500x1060.jpg 1500w, https:\/\/www.compassrentals.co.uk\/wp-content\/uploads\/2025\/03\/banner5-992x701.jpg 992w, https:\/\/www.compassrentals.co.uk\/wp-content\/uploads\/2025\/03\/banner5-576x407.jpg 576w, https:\/\/www.compassrentals.co.uk\/wp-content\/uploads\/2025\/03\/banner5-1200x848.jpg 1200w, https:\/\/www.compassrentals.co.uk\/wp-content\/uploads\/2025\/03\/banner5-1536x1086.jpg 1536w, https:\/\/www.compassrentals.co.uk\/wp-content\/uploads\/2025\/03\/banner5-2048x1448.jpg 2048w, https:\/\/www.compassrentals.co.uk\/wp-content\/uploads\/2025\/03\/banner5-335x237.jpg 335w, https:\/\/www.compassrentals.co.uk\/wp-content\/uploads\/2025\/03\/banner5-600x424.jpg 600w\" sizes=\"auto, (max-width: 1500px) 100vw, 1500px\" \/>                                                    <\/figure>\n                    <\/div>\n                <\/div>\n            <\/div>\n        <\/div>\n    <\/div>\n<\/section>\n<section id=\"panels-block_aeb417846026c2725926230d25a81e2f\"\n         class=\"layers stack bg bleu clair\">\n    <div class=\"layer content\">\n        <div class=\"container tall\">\n            <div class=\"row gx-lg-6 tall \">\n                <div class=\"col-lg-6 elements d-flex align-items-center\">\n                    <div class=\"block-padding group-gap small\">\n                                                    <p>Centre d&rsquo;aide<\/p>\n                                                                            <h2>Vous avez des questions ? Nous avons les r\u00e9ponses ! <\/h2>\n                                                                            <div class=\"editor\">\n                                <p>Nous avons rassembl\u00e9 toutes nos questions les plus fr\u00e9quemment pos\u00e9es en un seul endroit. Si vous avez une question, consultez notre centre d&rsquo;aide.<\/p>\n                            <\/div>\n                                                                            <a class=\"button tertiary\" href=\"https:\/\/www.compassrentals.co.uk\/frequently-asked-questions\/\"\n                               target=\"_self\">Vers le centre d&#039;aide<\/a>\n                                            <\/div>\n                <\/div>\n            <\/div>\n        <\/div>\n    <\/div>\n    <div class=\"layer image image-gap\">\n        <div class=\"row g-0 tall justify-content-lg-end\">\n            <div class=\"col-lg-6 tall\">\n                <div class=\"layers tall overflow\">\n                                        <div class=\"layer graphic\">\n                        <figure class=\"media tile tall\">\n                                                            <img decoding=\"async\" width=\"983\" height=\"892\" src=\"https:\/\/www.compassrentals.co.uk\/wp-content\/uploads\/2025\/02\/graphic.png\" class=\"attachment-large size-large\" alt=\"Questions\" loading=\"lazy\" srcset=\"https:\/\/www.compassrentals.co.uk\/wp-content\/uploads\/2025\/02\/graphic.png 983w, https:\/\/www.compassrentals.co.uk\/wp-content\/uploads\/2025\/02\/graphic-576x523.png 576w, https:\/\/www.compassrentals.co.uk\/wp-content\/uploads\/2025\/02\/graphic-335x304.png 335w\" sizes=\"auto, (max-width: 983px) 100vw, 983px\" \/>                                                    <\/figure>\n                    <\/div>\n                <\/div>\n            <\/div>\n        <\/div>\n    <\/div>\n<\/section>","protected":false},"excerpt":{"rendered":"","protected":false},"author":1,"featured_media":0,"parent":0,"menu_order":0,"comment_status":"closed","ping_status":"closed","template":"","meta":{"_acf_changed":false,"footnotes":""},"class_list":["post-3016","page","type-page","status-publish","hentry"],"acf":[],"yoast_head":"<!-- This site is optimized with the Yoast SEO plugin v27.3 - https:\/\/yoast.com\/product\/yoast-seo-wordpress\/ -->\n<title>Nos emplacements - Compass Campers<\/title>\n<meta name=\"robots\" content=\"index, follow, max-snippet:-1, max-image-preview:large, max-video-preview:-1\" \/>\n<link rel=\"canonical\" href=\"https:\/\/www.compassrentals.co.uk\/fr\/nos-emplacements\/\" \/>\n<meta property=\"og:locale\" content=\"fr_FR\" \/>\n<meta property=\"og:type\" content=\"article\" \/>\n<meta property=\"og:title\" content=\"Nos emplacements - Compass Campers\" \/>\n<meta property=\"og:url\" content=\"https:\/\/www.compassrentals.co.uk\/fr\/nos-emplacements\/\" \/>\n<meta property=\"og:site_name\" content=\"Compass Campers\" \/>\n<meta property=\"article:modified_time\" content=\"2025-08-17T14:23:41+00:00\" \/>\n<meta name=\"twitter:card\" content=\"summary_large_image\" \/>\n<script type=\"application\/ld+json\" class=\"yoast-schema-graph\">{\"@context\":\"https:\\\/\\\/schema.org\",\"@graph\":[{\"@type\":\"WebPage\",\"@id\":\"https:\\\/\\\/www.compassrentals.co.uk\\\/fr\\\/nos-emplacements\\\/\",\"url\":\"https:\\\/\\\/www.compassrentals.co.uk\\\/fr\\\/nos-emplacements\\\/\",\"name\":\"Nos emplacements - Compass Campers\",\"isPartOf\":{\"@id\":\"https:\\\/\\\/www.compassrentals.co.uk\\\/fr\\\/#website\"},\"datePublished\":\"2025-02-20T11:56:26+00:00\",\"dateModified\":\"2025-08-17T14:23:41+00:00\",\"breadcrumb\":{\"@id\":\"https:\\\/\\\/www.compassrentals.co.uk\\\/fr\\\/nos-emplacements\\\/#breadcrumb\"},\"inLanguage\":\"fr-FR\",\"potentialAction\":[{\"@type\":\"ReadAction\",\"target\":[\"https:\\\/\\\/www.compassrentals.co.uk\\\/fr\\\/nos-emplacements\\\/\"]}]},{\"@type\":\"BreadcrumbList\",\"@id\":\"https:\\\/\\\/www.compassrentals.co.uk\\\/fr\\\/nos-emplacements\\\/#breadcrumb\",\"itemListElement\":[{\"@type\":\"ListItem\",\"position\":1,\"name\":\"Home\",\"item\":\"https:\\\/\\\/www.compassrentals.co.uk\\\/fr\\\/accueil\\\/\"},{\"@type\":\"ListItem\",\"position\":2,\"name\":\"Nos emplacements\"}]},{\"@type\":\"WebSite\",\"@id\":\"https:\\\/\\\/www.compassrentals.co.uk\\\/fr\\\/#website\",\"url\":\"https:\\\/\\\/www.compassrentals.co.uk\\\/fr\\\/\",\"name\":\"Compass Campers\",\"description\":\"Campervan Hire In Scotland\",\"potentialAction\":[{\"@type\":\"SearchAction\",\"target\":{\"@type\":\"EntryPoint\",\"urlTemplate\":\"https:\\\/\\\/www.compassrentals.co.uk\\\/fr\\\/?s={search_term_string}\"},\"query-input\":{\"@type\":\"PropertyValueSpecification\",\"valueRequired\":true,\"valueName\":\"search_term_string\"}}],\"inLanguage\":\"fr-FR\"}]}<\/script>\n<!-- \/ Yoast SEO plugin. -->","yoast_head_json":{"title":"Nos emplacements - Compass Campers","robots":{"index":"index","follow":"follow","max-snippet":"max-snippet:-1","max-image-preview":"max-image-preview:large","max-video-preview":"max-video-preview:-1"},"canonical":"https:\/\/www.compassrentals.co.uk\/fr\/nos-emplacements\/","og_locale":"fr_FR","og_type":"article","og_title":"Nos emplacements - Compass Campers","og_url":"https:\/\/www.compassrentals.co.uk\/fr\/nos-emplacements\/","og_site_name":"Compass Campers","article_modified_time":"2025-08-17T14:23:41+00:00","twitter_card":"summary_large_image","schema":{"@context":"https:\/\/schema.org","@graph":[{"@type":"WebPage","@id":"https:\/\/www.compassrentals.co.uk\/fr\/nos-emplacements\/","url":"https:\/\/www.compassrentals.co.uk\/fr\/nos-emplacements\/","name":"Nos emplacements - Compass Campers","isPartOf":{"@id":"https:\/\/www.compassrentals.co.uk\/fr\/#website"},"datePublished":"2025-02-20T11:56:26+00:00","dateModified":"2025-08-17T14:23:41+00:00","breadcrumb":{"@id":"https:\/\/www.compassrentals.co.uk\/fr\/nos-emplacements\/#breadcrumb"},"inLanguage":"fr-FR","potentialAction":[{"@type":"ReadAction","target":["https:\/\/www.compassrentals.co.uk\/fr\/nos-emplacements\/"]}]},{"@type":"BreadcrumbList","@id":"https:\/\/www.compassrentals.co.uk\/fr\/nos-emplacements\/#breadcrumb","itemListElement":[{"@type":"ListItem","position":1,"name":"Home","item":"https:\/\/www.compassrentals.co.uk\/fr\/accueil\/"},{"@type":"ListItem","position":2,"name":"Nos emplacements"}]},{"@type":"WebSite","@id":"https:\/\/www.compassrentals.co.uk\/fr\/#website","url":"https:\/\/www.compassrentals.co.uk\/fr\/","name":"Compass Campers","description":"Campervan Hire In Scotland","potentialAction":[{"@type":"SearchAction","target":{"@type":"EntryPoint","urlTemplate":"https:\/\/www.compassrentals.co.uk\/fr\/?s={search_term_string}"},"query-input":{"@type":"PropertyValueSpecification","valueRequired":true,"valueName":"search_term_string"}}],"inLanguage":"fr-FR"}]}},"_links":{"self":[{"href":"https:\/\/www.compassrentals.co.uk\/fr\/wp-json\/wp\/v2\/pages\/3016","targetHints":{"allow":["GET"]}}],"collection":[{"href":"https:\/\/www.compassrentals.co.uk\/fr\/wp-json\/wp\/v2\/pages"}],"about":[{"href":"https:\/\/www.compassrentals.co.uk\/fr\/wp-json\/wp\/v2\/types\/page"}],"author":[{"embeddable":true,"href":"https:\/\/www.compassrentals.co.uk\/fr\/wp-json\/wp\/v2\/users\/1"}],"replies":[{"embeddable":true,"href":"https:\/\/www.compassrentals.co.uk\/fr\/wp-json\/wp\/v2\/comments?post=3016"}],"version-history":[{"count":1,"href":"https:\/\/www.compassrentals.co.uk\/fr\/wp-json\/wp\/v2\/pages\/3016\/revisions"}],"predecessor-version":[{"id":3017,"href":"https:\/\/www.compassrentals.co.uk\/fr\/wp-json\/wp\/v2\/pages\/3016\/revisions\/3017"}],"wp:attachment":[{"href":"https:\/\/www.compassrentals.co.uk\/fr\/wp-json\/wp\/v2\/media?parent=3016"}],"curies":[{"name":"wp","href":"https:\/\/api.w.org\/{rel}","templated":true}]}}