{"id":3008,"date":"2025-02-17T22:05:24","date_gmt":"2025-02-17T22:05:24","guid":{"rendered":"https:\/\/www.compassrentals.co.uk\/a-propos-de-nous\/"},"modified":"2025-08-17T15:23:41","modified_gmt":"2025-08-17T14:23:41","slug":"a-propos-de-nous","status":"publish","type":"page","link":"https:\/\/www.compassrentals.co.uk\/fr\/a-propos-de-nous\/","title":{"rendered":"\u00c0 propos de nous"},"content":{"rendered":"\n<section id=\"hero-block_b8eca499ee58d75631eed5deaad13785\" class=\"hero layers bg dark\">\n    <div class=\"layer content elements\">\n        <div class=\"inner text-center tall\">\n            <div class=\"container tall\">\n                <div class=\"detail tall hero-gap \">\n                    <div class=\"hero-header\">\n                        <h1>\n                                                            \u00c0 propos de nous                                                    <\/h1>\n                    <\/div>\n                                    <\/div>\n            <\/div>\n        <\/div>\n    <\/div>\n    <div class=\"layer graphic\">\n        <figure class=\"media banner overlay tall\">\n                            <img fetchpriority=\"high\" decoding=\"async\" width=\"1440\" height=\"600\" src=\"https:\/\/www.compassrentals.co.uk\/wp-content\/uploads\/2025\/04\/banner-van-snow-hill.jpg\" class=\"attachment-huge size-huge\" alt=\"Van with snowy hills\" loading=\"eager\" srcset=\"https:\/\/www.compassrentals.co.uk\/wp-content\/uploads\/2025\/04\/banner-van-snow-hill.jpg 1440w, https:\/\/www.compassrentals.co.uk\/wp-content\/uploads\/2025\/04\/banner-van-snow-hill-992x413.jpg 992w, https:\/\/www.compassrentals.co.uk\/wp-content\/uploads\/2025\/04\/banner-van-snow-hill-576x240.jpg 576w, https:\/\/www.compassrentals.co.uk\/wp-content\/uploads\/2025\/04\/banner-van-snow-hill-1200x500.jpg 1200w, https:\/\/www.compassrentals.co.uk\/wp-content\/uploads\/2025\/04\/banner-van-snow-hill-335x140.jpg 335w, https:\/\/www.compassrentals.co.uk\/wp-content\/uploads\/2025\/04\/banner-van-snow-hill-600x250.jpg 600w\" sizes=\"(max-width: 1440px) 100vw, 1440px\" \/>                    <\/figure>\n    <\/div>\n<\/section>\n<section id=\"accordion-block_6ccfdf7ca01e2531d0a96b10d44f689e\"\n         class=\"block-padding bg bleu d\u00e9grad\u00e9 \">\n    <div class=\"container group-gap large\">\n        \n    <header class=\"block-intro row justify-content-lg-center\">\n        <div class=\"col-lg-8\">\n            <div class=\"group-gap small text-center\">\n                                <h2>Nous sommes des campeurs Compass<\/h2>\n                                    <div class=\"editor\">\n                        <p>Il y a de bonnes raisons de louer un camping-car Compass : Kilom\u00e8tres gratuits, service et flexibilit\u00e9 inconditionnelle. En route vers de nouvelles aventures ! <\/p>\n                    <\/div>\n                            <\/div>\n        <\/div>\n    <\/header>\n                    <div class=\"row justify-content-lg-center\">\n                <div class=\"col-lg-8\">\n                    <div class=\"accordion \"\n                         id=\"accordion-accordion-block_6ccfdf7ca01e2531d0a96b10d44f689e\">\n                                                    <div class=\"accordion-item\">\n                                                                    <h2 class=\"h5\">\n                                        <button class=\"accordion-button trigger collapsed\" type=\"button\"\n                                                data-bs-toggle=\"collapse\"\n                                                data-bs-target=\"#collapse-accordion-block_6ccfdf7ca01e2531d0a96b10d44f689e-1\"\n                                                aria-expanded=\"false\"\n                                                aria-controls=\"collapse-accordion-block_6ccfdf7ca01e2531d0a96b10d44f689e-1\">\n                                            <span class=\"icon-text\">\n                                                                                                    <figure class=\"icon\">\n                                                    <img decoding=\"async\" width=\"22\" height=\"34\" src=\"https:\/\/www.compassrentals.co.uk\/wp-content\/uploads\/2025\/03\/fire.svg\" class=\"attachment-thumbnail size-thumbnail\" alt=\"Fire\" loading=\"lazy\" \/>                                                <\/figure>\n                                                                                                <span>O\u00f9 sommes-nous situ\u00e9s ?<\/span>\n                                            <\/span>\n                                        <\/button>\n                                    <\/h2>\n                                                                                                    <div id=\"collapse-accordion-block_6ccfdf7ca01e2531d0a96b10d44f689e-1\"\n                                         class=\"accordion-collapse collapse\"\n                                         data-bs-parent=\"#accordion-accordion-block_6ccfdf7ca01e2531d0a96b10d44f689e\">\n                                        <div class=\"accordion-body\">\n                                            <div class=\"row g-3\">\n                                                <div class=\"col-lg group-gap standard\">\n                                                    <div class=\"editor\">\n                                                        <p>Notre d\u00e9p\u00f4t est situ\u00e9 \u00e0 un peu moins de 16 km de l&rsquo;a\u00e9roport international d&rsquo;\u00c9dimbourg. Un service d&rsquo;accueil peut \u00eatre organis\u00e9 moyennant des frais suppl\u00e9mentaires. Un parking s\u00e9curis\u00e9 hors rue est disponible et gratuit.  <\/p>\n                                                    <\/div>\n                                                                                                    <\/div>\n                                                                                            <\/div>\n                                        <\/div>\n                                    <\/div>\n                                                            <\/div>\n                                                    <div class=\"accordion-item\">\n                                                                    <h2 class=\"h5\">\n                                        <button class=\"accordion-button trigger collapsed\" type=\"button\"\n                                                data-bs-toggle=\"collapse\"\n                                                data-bs-target=\"#collapse-accordion-block_6ccfdf7ca01e2531d0a96b10d44f689e-2\"\n                                                aria-expanded=\"false\"\n                                                aria-controls=\"collapse-accordion-block_6ccfdf7ca01e2531d0a96b10d44f689e-2\">\n                                            <span class=\"icon-text\">\n                                                                                                    <figure class=\"icon\">\n                                                    <img decoding=\"async\" width=\"163\" height=\"100\" src=\"https:\/\/www.compassrentals.co.uk\/wp-content\/uploads\/2025\/04\/handshake.svg\" class=\"attachment-thumbnail size-thumbnail\" alt=\"Handshake\" loading=\"lazy\" \/>                                                <\/figure>\n                                                                                                <span>Combien de fourgons avons-nous ?<\/span>\n                                            <\/span>\n                                        <\/button>\n                                    <\/h2>\n                                                                                                    <div id=\"collapse-accordion-block_6ccfdf7ca01e2531d0a96b10d44f689e-2\"\n                                         class=\"accordion-collapse collapse\"\n                                         data-bs-parent=\"#accordion-accordion-block_6ccfdf7ca01e2531d0a96b10d44f689e\">\n                                        <div class=\"accordion-body\">\n                                            <div class=\"row g-3\">\n                                                <div class=\"col-lg group-gap standard\">\n                                                    <div class=\"editor\">\n                                                        <p>Actuellement, nous avons 5 camping-cars de haute qualit\u00e9, tous nos fourgons sont livr\u00e9s avec tout ce dont vous avez besoin pour un excellent voyage en voiture !<\/p>\n                                                    <\/div>\n                                                                                                    <\/div>\n                                                                                            <\/div>\n                                        <\/div>\n                                    <\/div>\n                                                            <\/div>\n                                            <\/div>\n                <\/div>\n            <\/div>\n            <\/div>\n<\/section><section id=\"benefits-block_e174584d3df7703879b79a490a16951d\"\n    class=\"block-padding bg menthe icon-small alternative-title \">\n    <div class=\"container elements group-gap large\">\n        \n    <header class=\"block-intro row justify-content-lg-center\">\n        <div class=\"col-lg-8\">\n            <div class=\"group-gap small text-center\">\n                                <h2>Pourquoi Compass Campers ?<\/h2>\n                                    <div class=\"editor\">\n                        <p>Compass Campers est une petite entreprise bas\u00e9e en \u00c9cosse, et notre seul objectif est de nous assurer que vous passiez un excellent voyage en voiture. Contrairement \u00e0 d&rsquo;autres soci\u00e9t\u00e9s de location de camping-cars, nous sommes toujours disponibles pour vous aider \u00e0 rendre votre voyage sp\u00e9cial. <\/p>\n                    <\/div>\n                            <\/div>\n        <\/div>\n    <\/header>\n                    <div class=\"swiper cards\" data-items=\"3\">\n                <div class=\"swiper-wrapper cstm_article\">\n                                                <article\n                                id=\"post-3008\"\n                                class=\"swiper-slide image-text-panel booking-trigger post-3008 page type-page status-publish hentry\"                                data-bs-toggle=\"modal\"\n                                data-bs-target=\"#global-booking-modal\"\n                            >\n\n                            <div class=\"card-parts group-gap standard\">\n                                <div class=\"card-parts-top group-gap standard\">\n                                                                            <figure class=\"image\">\n                                            <img decoding=\"async\" width=\"100\" height=\"100\" src=\"https:\/\/www.compassrentals.co.uk\/wp-content\/uploads\/2025\/04\/trees.svg\" class=\"attachment-thumbnail size-thumbnail\" alt=\"Trees\" loading=\"lazy\" \/>                                        <\/figure>\n                                                                                                                <h2 class=\"title\">\n                                            Besoin de conseils sur les itin\u00e9raires ?                                        <\/h2>\n                                                                                                                <div class=\"editor font-medium\">\n                                            <p>Contactez-nous et nous pouvons vous aider \u00e0 planifier votre voyage, pour vous assurer de voir les meilleurs sites que l&rsquo;\u00c9cosse a \u00e0 offrir.<\/p>\n                                        <\/div>\n                                                                    <\/div>\n                                                                                                                                                                        <\/div>\n                        <\/article>\n                                                <article\n                                id=\"post-3008\"\n                                class=\"swiper-slide image-text-panel booking-trigger post-3008 page type-page status-publish hentry\"                                data-bs-toggle=\"modal\"\n                                data-bs-target=\"#global-booking-modal\"\n                            >\n\n                            <div class=\"card-parts group-gap standard\">\n                                <div class=\"card-parts-top group-gap standard\">\n                                                                            <figure class=\"image\">\n                                            <img decoding=\"async\" width=\"72\" height=\"100\" src=\"https:\/\/www.compassrentals.co.uk\/wp-content\/uploads\/2025\/04\/ok.svg\" class=\"attachment-thumbnail size-thumbnail\" alt=\"OK\" loading=\"lazy\" \/>                                        <\/figure>\n                                                                                                                <h2 class=\"title\">\n                                            Compass Campers est authentique                                        <\/h2>\n                                                                                                                <div class=\"editor font-medium\">\n                                            <p>Nous sommes n\u00e9s et avons grandi en \u00c9cosse. Nous pouvons offrir des conseils comme personne d&rsquo;autre, donc quoi que vous ayez pr\u00e9vu, nous pouvons vous aider. <\/p>\n                                        <\/div>\n                                                                    <\/div>\n                                                                                                                                                                        <\/div>\n                        <\/article>\n                                                <article\n                                id=\"post-3008\"\n                                class=\"swiper-slide image-text-panel booking-trigger post-3008 page type-page status-publish hentry\"                                data-bs-toggle=\"modal\"\n                                data-bs-target=\"#global-booking-modal\"\n                            >\n\n                            <div class=\"card-parts group-gap standard\">\n                                <div class=\"card-parts-top group-gap standard\">\n                                                                            <figure class=\"image\">\n                                            <img decoding=\"async\" width=\"163\" height=\"100\" src=\"https:\/\/www.compassrentals.co.uk\/wp-content\/uploads\/2025\/04\/handshake.svg\" class=\"attachment-thumbnail size-thumbnail\" alt=\"Handshake\" loading=\"lazy\" \/>                                        <\/figure>\n                                                                                                                <h2 class=\"title\">\n                                            Compass Campers est pour tout le monde                                        <\/h2>\n                                                                                                                <div class=\"editor font-medium\">\n                                            <p>Nous sommes l\u00e0 pour vous aider, quoi qu&rsquo;il arrive, nous serons l\u00e0 pour nous assurer que votre voyage se d\u00e9roule sans probl\u00e8me.<\/p>\n                                        <\/div>\n                                                                    <\/div>\n                                                                                                                                                                        <\/div>\n                        <\/article>\n                                    <\/div>\n\n\n                <div class=\"modal fade\" id=\"global-booking-modal\" tabindex=\"-1\" aria-labelledby=\"global-booking-modal-title\"\n                    aria-hidden=\"true\">\n                    <div class=\"modal-dialog modal-dialog-scrollable modal-xl\">\n                        <div class=\"modal-content\">\n                            <div class=\"modal-header\">\n                                <h2 class=\"modal-title\" id=\"global-booking-modal-title\">\n                                    <span class=\"serif\">Availability for all vans<\/span>\n                                <\/h2>\n                                <button type=\"button\" class=\"trigger menu-trigger close btn-close\" data-bs-dismiss=\"modal\">\n                                    <span class=\"visually-hidden\">Close<\/span>\n                                <\/button>\n                            <\/div>\n                            <div class=\"modal-body\">\n                               \n                            <\/div>\n                        <\/div>\n                    <\/div>\n                <\/div>\n\n                <div class=\"swiper-controls\">\n    <div class=\"inner\">\n        <div class=\"swiper-button-prev\"><\/div>\n        <div class=\"swiper-pagination\"><\/div>\n        <div class=\"swiper-button-next\"><\/div>\n    <\/div>\n<\/div>            <\/div>\n                    <\/div>\n<\/section>\n<section id=\"panels-block_4d6f6511851a42ec271aa91e2611c624\"\n         class=\"layers stack bg bleu clair\">\n    <div class=\"layer content\">\n        <div class=\"container tall\">\n            <div class=\"row gx-lg-6 tall \">\n                <div class=\"col-lg-6 elements d-flex align-items-center\">\n                    <div class=\"block-padding group-gap small\">\n                                                    <p>Centre d&rsquo;aide<\/p>\n                                                                            <h2>Vous avez des questions ? Nous avons les r\u00e9ponses ! <\/h2>\n                                                                            <div class=\"editor\">\n                                <p>Nous avons rassembl\u00e9 toutes nos questions les plus fr\u00e9quemment pos\u00e9es en un seul endroit. Si vous avez une question, consultez notre centre d&rsquo;aide.<\/p>\n                            <\/div>\n                                                                            <a class=\"button tertiary\" href=\"https:\/\/www.compassrentals.co.uk\/frequently-asked-questions\/\"\n                               target=\"_self\">Vers le centre d&#039;aide<\/a>\n                                            <\/div>\n                <\/div>\n            <\/div>\n        <\/div>\n    <\/div>\n    <div class=\"layer image image-gap\">\n        <div class=\"row g-0 tall justify-content-lg-end\">\n            <div class=\"col-lg-6 tall\">\n                <div class=\"layers tall overflow\">\n                                        <div class=\"layer graphic\">\n                        <figure class=\"media tile tall\">\n                                                            <img decoding=\"async\" width=\"983\" height=\"892\" src=\"https:\/\/www.compassrentals.co.uk\/wp-content\/uploads\/2025\/02\/graphic.png\" class=\"attachment-large size-large\" alt=\"Questions\" loading=\"lazy\" srcset=\"https:\/\/www.compassrentals.co.uk\/wp-content\/uploads\/2025\/02\/graphic.png 983w, https:\/\/www.compassrentals.co.uk\/wp-content\/uploads\/2025\/02\/graphic-576x523.png 576w, https:\/\/www.compassrentals.co.uk\/wp-content\/uploads\/2025\/02\/graphic-335x304.png 335w\" sizes=\"auto, (max-width: 983px) 100vw, 983px\" \/>                                                    <\/figure>\n                    <\/div>\n                <\/div>\n            <\/div>\n        <\/div>\n    <\/div>\n<\/section>","protected":false},"excerpt":{"rendered":"","protected":false},"author":1,"featured_media":0,"parent":0,"menu_order":0,"comment_status":"closed","ping_status":"closed","template":"","meta":{"_acf_changed":false,"footnotes":""},"class_list":["post-3008","page","type-page","status-publish","hentry"],"acf":[],"yoast_head":"<!-- This site is optimized with the Yoast SEO plugin v27.3 - https:\/\/yoast.com\/product\/yoast-seo-wordpress\/ -->\n<title>\u00c0 propos de nous - Compass Campers<\/title>\n<meta name=\"robots\" content=\"index, follow, max-snippet:-1, max-image-preview:large, max-video-preview:-1\" \/>\n<link rel=\"canonical\" href=\"https:\/\/www.compassrentals.co.uk\/fr\/a-propos-de-nous\/\" \/>\n<meta property=\"og:locale\" content=\"fr_FR\" \/>\n<meta property=\"og:type\" content=\"article\" \/>\n<meta property=\"og:title\" content=\"\u00c0 propos de nous - Compass Campers\" \/>\n<meta property=\"og:url\" content=\"https:\/\/www.compassrentals.co.uk\/fr\/a-propos-de-nous\/\" \/>\n<meta property=\"og:site_name\" content=\"Compass Campers\" \/>\n<meta property=\"article:modified_time\" content=\"2025-08-17T14:23:41+00:00\" \/>\n<meta name=\"twitter:card\" content=\"summary_large_image\" \/>\n<script type=\"application\/ld+json\" class=\"yoast-schema-graph\">{\"@context\":\"https:\\\/\\\/schema.org\",\"@graph\":[{\"@type\":\"WebPage\",\"@id\":\"https:\\\/\\\/www.compassrentals.co.uk\\\/fr\\\/a-propos-de-nous\\\/\",\"url\":\"https:\\\/\\\/www.compassrentals.co.uk\\\/fr\\\/a-propos-de-nous\\\/\",\"name\":\"\u00c0 propos de nous - Compass Campers\",\"isPartOf\":{\"@id\":\"https:\\\/\\\/www.compassrentals.co.uk\\\/fr\\\/#website\"},\"datePublished\":\"2025-02-17T22:05:24+00:00\",\"dateModified\":\"2025-08-17T14:23:41+00:00\",\"breadcrumb\":{\"@id\":\"https:\\\/\\\/www.compassrentals.co.uk\\\/fr\\\/a-propos-de-nous\\\/#breadcrumb\"},\"inLanguage\":\"fr-FR\",\"potentialAction\":[{\"@type\":\"ReadAction\",\"target\":[\"https:\\\/\\\/www.compassrentals.co.uk\\\/fr\\\/a-propos-de-nous\\\/\"]}]},{\"@type\":\"BreadcrumbList\",\"@id\":\"https:\\\/\\\/www.compassrentals.co.uk\\\/fr\\\/a-propos-de-nous\\\/#breadcrumb\",\"itemListElement\":[{\"@type\":\"ListItem\",\"position\":1,\"name\":\"Home\",\"item\":\"https:\\\/\\\/www.compassrentals.co.uk\\\/fr\\\/accueil\\\/\"},{\"@type\":\"ListItem\",\"position\":2,\"name\":\"\u00c0 propos de nous\"}]},{\"@type\":\"WebSite\",\"@id\":\"https:\\\/\\\/www.compassrentals.co.uk\\\/fr\\\/#website\",\"url\":\"https:\\\/\\\/www.compassrentals.co.uk\\\/fr\\\/\",\"name\":\"Compass Campers\",\"description\":\"Campervan Hire In Scotland\",\"potentialAction\":[{\"@type\":\"SearchAction\",\"target\":{\"@type\":\"EntryPoint\",\"urlTemplate\":\"https:\\\/\\\/www.compassrentals.co.uk\\\/fr\\\/?s={search_term_string}\"},\"query-input\":{\"@type\":\"PropertyValueSpecification\",\"valueRequired\":true,\"valueName\":\"search_term_string\"}}],\"inLanguage\":\"fr-FR\"}]}<\/script>\n<!-- \/ Yoast SEO plugin. -->","yoast_head_json":{"title":"\u00c0 propos de nous - Compass Campers","robots":{"index":"index","follow":"follow","max-snippet":"max-snippet:-1","max-image-preview":"max-image-preview:large","max-video-preview":"max-video-preview:-1"},"canonical":"https:\/\/www.compassrentals.co.uk\/fr\/a-propos-de-nous\/","og_locale":"fr_FR","og_type":"article","og_title":"\u00c0 propos de nous - Compass Campers","og_url":"https:\/\/www.compassrentals.co.uk\/fr\/a-propos-de-nous\/","og_site_name":"Compass Campers","article_modified_time":"2025-08-17T14:23:41+00:00","twitter_card":"summary_large_image","schema":{"@context":"https:\/\/schema.org","@graph":[{"@type":"WebPage","@id":"https:\/\/www.compassrentals.co.uk\/fr\/a-propos-de-nous\/","url":"https:\/\/www.compassrentals.co.uk\/fr\/a-propos-de-nous\/","name":"\u00c0 propos de nous - Compass Campers","isPartOf":{"@id":"https:\/\/www.compassrentals.co.uk\/fr\/#website"},"datePublished":"2025-02-17T22:05:24+00:00","dateModified":"2025-08-17T14:23:41+00:00","breadcrumb":{"@id":"https:\/\/www.compassrentals.co.uk\/fr\/a-propos-de-nous\/#breadcrumb"},"inLanguage":"fr-FR","potentialAction":[{"@type":"ReadAction","target":["https:\/\/www.compassrentals.co.uk\/fr\/a-propos-de-nous\/"]}]},{"@type":"BreadcrumbList","@id":"https:\/\/www.compassrentals.co.uk\/fr\/a-propos-de-nous\/#breadcrumb","itemListElement":[{"@type":"ListItem","position":1,"name":"Home","item":"https:\/\/www.compassrentals.co.uk\/fr\/accueil\/"},{"@type":"ListItem","position":2,"name":"\u00c0 propos de nous"}]},{"@type":"WebSite","@id":"https:\/\/www.compassrentals.co.uk\/fr\/#website","url":"https:\/\/www.compassrentals.co.uk\/fr\/","name":"Compass Campers","description":"Campervan Hire In Scotland","potentialAction":[{"@type":"SearchAction","target":{"@type":"EntryPoint","urlTemplate":"https:\/\/www.compassrentals.co.uk\/fr\/?s={search_term_string}"},"query-input":{"@type":"PropertyValueSpecification","valueRequired":true,"valueName":"search_term_string"}}],"inLanguage":"fr-FR"}]}},"_links":{"self":[{"href":"https:\/\/www.compassrentals.co.uk\/fr\/wp-json\/wp\/v2\/pages\/3008","targetHints":{"allow":["GET"]}}],"collection":[{"href":"https:\/\/www.compassrentals.co.uk\/fr\/wp-json\/wp\/v2\/pages"}],"about":[{"href":"https:\/\/www.compassrentals.co.uk\/fr\/wp-json\/wp\/v2\/types\/page"}],"author":[{"embeddable":true,"href":"https:\/\/www.compassrentals.co.uk\/fr\/wp-json\/wp\/v2\/users\/1"}],"replies":[{"embeddable":true,"href":"https:\/\/www.compassrentals.co.uk\/fr\/wp-json\/wp\/v2\/comments?post=3008"}],"version-history":[{"count":1,"href":"https:\/\/www.compassrentals.co.uk\/fr\/wp-json\/wp\/v2\/pages\/3008\/revisions"}],"predecessor-version":[{"id":3011,"href":"https:\/\/www.compassrentals.co.uk\/fr\/wp-json\/wp\/v2\/pages\/3008\/revisions\/3011"}],"wp:attachment":[{"href":"https:\/\/www.compassrentals.co.uk\/fr\/wp-json\/wp\/v2\/media?parent=3008"}],"curies":[{"name":"wp","href":"https:\/\/api.w.org\/{rel}","templated":true}]}}