{"id":2959,"date":"2025-02-15T14:53:03","date_gmt":"2025-02-15T14:53:03","guid":{"rendered":"https:\/\/www.compassrentals.co.uk\/voyages-en-voiture\/"},"modified":"2025-08-17T15:23:26","modified_gmt":"2025-08-17T14:23:26","slug":"voyages-en-voiture","status":"publish","type":"page","link":"https:\/\/www.compassrentals.co.uk\/fr\/voyages-en-voiture\/","title":{"rendered":"Voyages en voiture"},"content":{"rendered":"\n<section id=\"hero-block_c86c2bee887c431023d36c0f059813c3\" class=\"hero layers bg dark\">\n    <div class=\"layer content elements\">\n        <div class=\"inner text-center tall\">\n            <div class=\"container tall\">\n                <div class=\"detail tall hero-gap \">\n                    <div class=\"hero-header\">\n                        <h1>\n                                                            Voyages en voiture                                                    <\/h1>\n                    <\/div>\n                                    <\/div>\n            <\/div>\n        <\/div>\n    <\/div>\n    <div class=\"layer graphic\">\n        <figure class=\"media banner overlay tall\">\n                            <img fetchpriority=\"high\" decoding=\"async\" width=\"1500\" height=\"750\" src=\"https:\/\/www.compassrentals.co.uk\/wp-content\/uploads\/2025\/05\/shutterstock_2509287317-1.jpg\" class=\"attachment-huge size-huge\" alt=\"\" loading=\"eager\" srcset=\"https:\/\/www.compassrentals.co.uk\/wp-content\/uploads\/2025\/05\/shutterstock_2509287317-1.jpg 1500w, https:\/\/www.compassrentals.co.uk\/wp-content\/uploads\/2025\/05\/shutterstock_2509287317-1-992x496.jpg 992w, https:\/\/www.compassrentals.co.uk\/wp-content\/uploads\/2025\/05\/shutterstock_2509287317-1-576x288.jpg 576w, https:\/\/www.compassrentals.co.uk\/wp-content\/uploads\/2025\/05\/shutterstock_2509287317-1-1200x600.jpg 1200w, https:\/\/www.compassrentals.co.uk\/wp-content\/uploads\/2025\/05\/shutterstock_2509287317-1-335x168.jpg 335w, https:\/\/www.compassrentals.co.uk\/wp-content\/uploads\/2025\/05\/shutterstock_2509287317-1-600x300.jpg 600w\" sizes=\"(max-width: 1500px) 100vw, 1500px\" \/>                    <\/figure>\n    <\/div>\n<\/section><section id=\"cards-block_459a3f2798c1cd8839aa795c93efe156\"\n         class=\"block-padding bg bleu d\u00e9grad\u00e9\">\n    <div class=\"container elements group-gap large\">\n        \n    <header class=\"block-intro row justify-content-lg-center\">\n        <div class=\"col-lg-8\">\n            <div class=\"group-gap small text-center\">\n                                    <p>Emplacements<\/p>\n                                <h2>Nos guides<\/h2>\n                                    <div class=\"editor\">\n                        <p>Embarquez pour un voyage en voiture \u00e0 couper le souffle \u00e0 travers l&rsquo;\u00c9cosse, d&rsquo;Inverness \u00e0 l&rsquo;\u00eele accident\u00e9e de Skye et aux paysages magnifiques de Glencoe. Vivez l&rsquo;histoire, la nature et l&rsquo;aventure dans un voyage inoubliable. <\/p>\n                    <\/div>\n                            <\/div>\n        <\/div>\n    <\/header>\n                    <div class=\"swiper cards\" data-items=\"3\">\n                <div class=\"swiper-wrapper\">\n                                            <article\n                                id=\"post-2959\" class=\"swiper-slide d-flex post-2959 page type-page status-publish hentry\">\n                            <div class=\"card link-cover\">\n                                <div class=\"card-top padded text-center group-gap standard\">\n                                                                            <figure class=\"media square rounded-area\">\n                                            <img decoding=\"async\" width=\"992\" height=\"662\" src=\"https:\/\/www.compassrentals.co.uk\/wp-content\/uploads\/2025\/05\/shutterstock_464651927-1024x683-1-992x662.jpg\" class=\"attachment-medium size-medium\" alt=\"\" loading=\"lazy\" srcset=\"https:\/\/www.compassrentals.co.uk\/wp-content\/uploads\/2025\/05\/shutterstock_464651927-1024x683-1-992x662.jpg 992w, https:\/\/www.compassrentals.co.uk\/wp-content\/uploads\/2025\/05\/shutterstock_464651927-1024x683-1-576x384.jpg 576w, https:\/\/www.compassrentals.co.uk\/wp-content\/uploads\/2025\/05\/shutterstock_464651927-1024x683-1-335x223.jpg 335w, https:\/\/www.compassrentals.co.uk\/wp-content\/uploads\/2025\/05\/shutterstock_464651927-1024x683-1-600x400.jpg 600w, https:\/\/www.compassrentals.co.uk\/wp-content\/uploads\/2025\/05\/shutterstock_464651927-1024x683-1.jpg 1024w\" sizes=\"auto, (max-width: 992px) 100vw, 992px\" \/>                                        <\/figure>\n                                                                                                                <h2 class=\"serif font-increase\">\n                                            North Coast 500                                        <\/h2>\n                                                                    <\/div>\n                                <div class=\"card-bottom padded d-flex flex-column justify-content-between group-gap standard\">\n                                                                            <div class=\"editor\">\n                                            <p>Parcourir la North Coast 500 figure sur la liste de nombreux voyageurs. C&rsquo;est l&rsquo;un des plus beaux itin\u00e9raires au monde et il est id\u00e9al pour ceux d&rsquo;entre nous qui aiment d\u00e9couvrir le c\u00f4t\u00e9 le plus aventureux de la vie. <\/p>\n                                        <\/div>\n                                                                                                                <div class=\"button-link\">\n                                            <a class=\"button no-arrow secondary d-flex link-cover-target\"\n                                               href=\"https:\/\/www.compassrentals.co.uk\/nc500-5-day-itinerary\/\"\n                                               target=\"_self\">\n                                                Voir le guide                                            <\/a>\n                                        <\/div>\n                                                                    <\/div>\n                            <\/div>\n                        <\/article>\n                                            <article\n                                id=\"post-2959\" class=\"swiper-slide d-flex post-2959 page type-page status-publish hentry\">\n                            <div class=\"card link-cover\">\n                                <div class=\"card-top padded text-center group-gap standard\">\n                                                                            <figure class=\"media square rounded-area\">\n                                            <img decoding=\"async\" width=\"992\" height=\"662\" src=\"https:\/\/www.compassrentals.co.uk\/wp-content\/uploads\/2025\/05\/shutterstock_1210987498-1024x683-1-992x662.jpg\" class=\"attachment-medium size-medium\" alt=\"\" loading=\"lazy\" srcset=\"https:\/\/www.compassrentals.co.uk\/wp-content\/uploads\/2025\/05\/shutterstock_1210987498-1024x683-1-992x662.jpg 992w, https:\/\/www.compassrentals.co.uk\/wp-content\/uploads\/2025\/05\/shutterstock_1210987498-1024x683-1-576x384.jpg 576w, https:\/\/www.compassrentals.co.uk\/wp-content\/uploads\/2025\/05\/shutterstock_1210987498-1024x683-1-335x223.jpg 335w, https:\/\/www.compassrentals.co.uk\/wp-content\/uploads\/2025\/05\/shutterstock_1210987498-1024x683-1-600x400.jpg 600w, https:\/\/www.compassrentals.co.uk\/wp-content\/uploads\/2025\/05\/shutterstock_1210987498-1024x683-1.jpg 1024w\" sizes=\"auto, (max-width: 992px) 100vw, 992px\" \/>                                        <\/figure>\n                                                                                                                <h2 class=\"serif font-increase\">\n                                            C\u00f4te est de l&rsquo;\u00c9cosse                                        <\/h2>\n                                                                    <\/div>\n                                <div class=\"card-bottom padded d-flex flex-column justify-content-between group-gap standard\">\n                                                                            <div class=\"editor\">\n                                            <p>Situ\u00e9e \u00e0 l&rsquo;est de l&rsquo;\u00c9cosse, cette c\u00f4te poss\u00e8de certaines des vues les plus pittoresques et des monuments int\u00e9ressants du Royaume-Uni, ce qui en fait une destination id\u00e9ale pour un voyage en voiture.<\/p>\n                                        <\/div>\n                                                                                                                <div class=\"button-link\">\n                                            <a class=\"button no-arrow secondary d-flex link-cover-target\"\n                                               href=\"https:\/\/www.compassrentals.co.uk\/east-coast-scotland-road-trip\/\"\n                                               target=\"_self\">\n                                                Voir le guide                                            <\/a>\n                                        <\/div>\n                                                                    <\/div>\n                            <\/div>\n                        <\/article>\n                                            <article\n                                id=\"post-2959\" class=\"swiper-slide d-flex post-2959 page type-page status-publish hentry\">\n                            <div class=\"card link-cover\">\n                                <div class=\"card-top padded text-center group-gap standard\">\n                                                                            <figure class=\"media square rounded-area\">\n                                            <img decoding=\"async\" width=\"992\" height=\"662\" src=\"https:\/\/www.compassrentals.co.uk\/wp-content\/uploads\/2025\/05\/shutterstock_2333259719-1024x683-1-992x662.jpg\" class=\"attachment-medium size-medium\" alt=\"\" loading=\"lazy\" srcset=\"https:\/\/www.compassrentals.co.uk\/wp-content\/uploads\/2025\/05\/shutterstock_2333259719-1024x683-1-992x662.jpg 992w, https:\/\/www.compassrentals.co.uk\/wp-content\/uploads\/2025\/05\/shutterstock_2333259719-1024x683-1-576x384.jpg 576w, https:\/\/www.compassrentals.co.uk\/wp-content\/uploads\/2025\/05\/shutterstock_2333259719-1024x683-1-335x223.jpg 335w, https:\/\/www.compassrentals.co.uk\/wp-content\/uploads\/2025\/05\/shutterstock_2333259719-1024x683-1-600x400.jpg 600w, https:\/\/www.compassrentals.co.uk\/wp-content\/uploads\/2025\/05\/shutterstock_2333259719-1024x683-1.jpg 1024w\" sizes=\"auto, (max-width: 992px) 100vw, 992px\" \/>                                        <\/figure>\n                                                                                                                <h2 class=\"serif font-increase\">\n                                            C\u00f4te ouest de l&rsquo;\u00c9cosse                                        <\/h2>\n                                                                    <\/div>\n                                <div class=\"card-bottom padded d-flex flex-column justify-content-between group-gap standard\">\n                                                                            <div class=\"editor\">\n                                            <p>L&rsquo;un des voyages panoramiques les plus spectaculaires de Grande-Bretagne, un voyage autour de la c\u00f4te ouest de l&rsquo;\u00c9cosse offre des paysages \u00e0 couper le souffle et des exp\u00e9riences inoubliables.<\/p>\n                                        <\/div>\n                                                                                                                <div class=\"button-link\">\n                                            <a class=\"button no-arrow secondary d-flex link-cover-target\"\n                                               href=\"https:\/\/www.compassrentals.co.uk\/west-coast-scotland-road-trip\/\"\n                                               target=\"_self\">\n                                                Voir le guide                                            <\/a>\n                                        <\/div>\n                                                                    <\/div>\n                            <\/div>\n                        <\/article>\n                                    <\/div>\n                <div class=\"swiper-controls\">\n    <div class=\"inner\">\n        <div class=\"swiper-button-prev\"><\/div>\n        <div class=\"swiper-pagination\"><\/div>\n        <div class=\"swiper-button-next\"><\/div>\n    <\/div>\n<\/div>            <\/div>\n                    <\/div>\n<\/section>\n<section id=\"panels-block_4738a19829cb19c0450c9a7af82c74d6\"\n         class=\"layers stack bg navy-dark\">\n    <div class=\"layer content\">\n        <div class=\"container tall\">\n            <div class=\"row gx-lg-6 tall \">\n                <div class=\"col-lg-6 elements d-flex align-items-center\">\n                    <div class=\"block-padding group-gap small\">\n                                                    <p>Come in, we are open<\/p>\n                                                                            <h2>Opening hours<\/h2>\n                                                                            <div class=\"editor\">\n                                <p>Monday to Sunday: 9am &#8211; 5pm<\/p>\n<p>We\u2019re here for you 7 days a week, 365 days a year! Feel free to reach out anytime that works for you\u2014we\u2019re always ready to assist!<\/p>\n                            <\/div>\n                                                                    <\/div>\n                <\/div>\n            <\/div>\n        <\/div>\n    <\/div>\n    <div class=\"layer image \">\n        <div class=\"row g-0 tall justify-content-lg-end\">\n            <div class=\"col-lg-6 tall\">\n                <div class=\"layers tall overflow\">\n                                        <div class=\"layer graphic\">\n                        <figure class=\"media tile tall\">\n                                                            <img decoding=\"async\" width=\"1500\" height=\"1060\" src=\"https:\/\/www.compassrentals.co.uk\/wp-content\/uploads\/2025\/03\/banner5-1500x1060.jpg\" class=\"attachment-large size-large\" alt=\"Camper by the beach\" loading=\"lazy\" srcset=\"https:\/\/www.compassrentals.co.uk\/wp-content\/uploads\/2025\/03\/banner5-1500x1060.jpg 1500w, https:\/\/www.compassrentals.co.uk\/wp-content\/uploads\/2025\/03\/banner5-992x701.jpg 992w, https:\/\/www.compassrentals.co.uk\/wp-content\/uploads\/2025\/03\/banner5-576x407.jpg 576w, https:\/\/www.compassrentals.co.uk\/wp-content\/uploads\/2025\/03\/banner5-1200x848.jpg 1200w, https:\/\/www.compassrentals.co.uk\/wp-content\/uploads\/2025\/03\/banner5-1536x1086.jpg 1536w, https:\/\/www.compassrentals.co.uk\/wp-content\/uploads\/2025\/03\/banner5-2048x1448.jpg 2048w, https:\/\/www.compassrentals.co.uk\/wp-content\/uploads\/2025\/03\/banner5-335x237.jpg 335w, https:\/\/www.compassrentals.co.uk\/wp-content\/uploads\/2025\/03\/banner5-600x424.jpg 600w\" sizes=\"auto, (max-width: 1500px) 100vw, 1500px\" \/>                                                    <\/figure>\n                    <\/div>\n                <\/div>\n            <\/div>\n        <\/div>\n    <\/div>\n<\/section>\n<section id=\"panels-block_80ed89d85c712dd55b84aa2cf98d6ca3\"\n         class=\"layers stack bg bleu clair\">\n    <div class=\"layer content\">\n        <div class=\"container tall\">\n            <div class=\"row gx-lg-6 tall \">\n                <div class=\"col-lg-6 elements d-flex align-items-center\">\n                    <div class=\"block-padding group-gap small\">\n                                                    <p>Centre d&rsquo;aide<\/p>\n                                                                            <h2>Vous avez des questions ? Nous avons les r\u00e9ponses ! <\/h2>\n                                                                            <div class=\"editor\">\n                                <p>Nous avons rassembl\u00e9 toutes nos questions les plus fr\u00e9quemment pos\u00e9es en un seul endroit. Si vous avez une question, consultez notre centre d&rsquo;aide.<\/p>\n                            <\/div>\n                                                                            <a class=\"button tertiary\" href=\"https:\/\/www.compassrentals.co.uk\/frequently-asked-questions\/\"\n                               target=\"_self\">Vers le centre d&#039;aide<\/a>\n                                            <\/div>\n                <\/div>\n            <\/div>\n        <\/div>\n    <\/div>\n    <div class=\"layer image image-gap\">\n        <div class=\"row g-0 tall justify-content-lg-end\">\n            <div class=\"col-lg-6 tall\">\n                <div class=\"layers tall overflow\">\n                                        <div class=\"layer graphic\">\n                        <figure class=\"media tile tall\">\n                                                            <img decoding=\"async\" width=\"983\" height=\"892\" src=\"https:\/\/www.compassrentals.co.uk\/wp-content\/uploads\/2025\/02\/graphic.png\" class=\"attachment-large size-large\" alt=\"Questions\" loading=\"lazy\" srcset=\"https:\/\/www.compassrentals.co.uk\/wp-content\/uploads\/2025\/02\/graphic.png 983w, https:\/\/www.compassrentals.co.uk\/wp-content\/uploads\/2025\/02\/graphic-576x523.png 576w, https:\/\/www.compassrentals.co.uk\/wp-content\/uploads\/2025\/02\/graphic-335x304.png 335w\" sizes=\"auto, (max-width: 983px) 100vw, 983px\" \/>                                                    <\/figure>\n                    <\/div>\n                <\/div>\n            <\/div>\n        <\/div>\n    <\/div>\n<\/section>","protected":false},"excerpt":{"rendered":"","protected":false},"author":1,"featured_media":0,"parent":0,"menu_order":0,"comment_status":"closed","ping_status":"closed","template":"","meta":{"_acf_changed":false,"footnotes":""},"class_list":["post-2959","page","type-page","status-publish","hentry"],"acf":[],"yoast_head":"<!-- This site is optimized with the Yoast SEO plugin v27.3 - https:\/\/yoast.com\/product\/yoast-seo-wordpress\/ -->\n<title>Voyages en voiture - Compass Campers<\/title>\n<meta name=\"robots\" content=\"index, follow, max-snippet:-1, max-image-preview:large, max-video-preview:-1\" \/>\n<link rel=\"canonical\" href=\"https:\/\/www.compassrentals.co.uk\/fr\/voyages-en-voiture\/\" \/>\n<meta property=\"og:locale\" content=\"fr_FR\" \/>\n<meta property=\"og:type\" content=\"article\" \/>\n<meta property=\"og:title\" content=\"Voyages en voiture - Compass Campers\" \/>\n<meta property=\"og:url\" content=\"https:\/\/www.compassrentals.co.uk\/fr\/voyages-en-voiture\/\" \/>\n<meta property=\"og:site_name\" content=\"Compass Campers\" \/>\n<meta property=\"article:modified_time\" content=\"2025-08-17T14:23:26+00:00\" \/>\n<meta name=\"twitter:card\" content=\"summary_large_image\" \/>\n<script type=\"application\/ld+json\" class=\"yoast-schema-graph\">{\"@context\":\"https:\\\/\\\/schema.org\",\"@graph\":[{\"@type\":\"WebPage\",\"@id\":\"https:\\\/\\\/www.compassrentals.co.uk\\\/fr\\\/voyages-en-voiture\\\/\",\"url\":\"https:\\\/\\\/www.compassrentals.co.uk\\\/fr\\\/voyages-en-voiture\\\/\",\"name\":\"Voyages en voiture - Compass Campers\",\"isPartOf\":{\"@id\":\"https:\\\/\\\/www.compassrentals.co.uk\\\/fr\\\/#website\"},\"datePublished\":\"2025-02-15T14:53:03+00:00\",\"dateModified\":\"2025-08-17T14:23:26+00:00\",\"breadcrumb\":{\"@id\":\"https:\\\/\\\/www.compassrentals.co.uk\\\/fr\\\/voyages-en-voiture\\\/#breadcrumb\"},\"inLanguage\":\"fr-FR\",\"potentialAction\":[{\"@type\":\"ReadAction\",\"target\":[\"https:\\\/\\\/www.compassrentals.co.uk\\\/fr\\\/voyages-en-voiture\\\/\"]}]},{\"@type\":\"BreadcrumbList\",\"@id\":\"https:\\\/\\\/www.compassrentals.co.uk\\\/fr\\\/voyages-en-voiture\\\/#breadcrumb\",\"itemListElement\":[{\"@type\":\"ListItem\",\"position\":1,\"name\":\"Home\",\"item\":\"https:\\\/\\\/www.compassrentals.co.uk\\\/fr\\\/accueil\\\/\"},{\"@type\":\"ListItem\",\"position\":2,\"name\":\"Voyages en voiture\"}]},{\"@type\":\"WebSite\",\"@id\":\"https:\\\/\\\/www.compassrentals.co.uk\\\/fr\\\/#website\",\"url\":\"https:\\\/\\\/www.compassrentals.co.uk\\\/fr\\\/\",\"name\":\"Compass Campers\",\"description\":\"Campervan Hire In Scotland\",\"potentialAction\":[{\"@type\":\"SearchAction\",\"target\":{\"@type\":\"EntryPoint\",\"urlTemplate\":\"https:\\\/\\\/www.compassrentals.co.uk\\\/fr\\\/?s={search_term_string}\"},\"query-input\":{\"@type\":\"PropertyValueSpecification\",\"valueRequired\":true,\"valueName\":\"search_term_string\"}}],\"inLanguage\":\"fr-FR\"}]}<\/script>\n<!-- \/ Yoast SEO plugin. -->","yoast_head_json":{"title":"Voyages en voiture - Compass Campers","robots":{"index":"index","follow":"follow","max-snippet":"max-snippet:-1","max-image-preview":"max-image-preview:large","max-video-preview":"max-video-preview:-1"},"canonical":"https:\/\/www.compassrentals.co.uk\/fr\/voyages-en-voiture\/","og_locale":"fr_FR","og_type":"article","og_title":"Voyages en voiture - Compass Campers","og_url":"https:\/\/www.compassrentals.co.uk\/fr\/voyages-en-voiture\/","og_site_name":"Compass Campers","article_modified_time":"2025-08-17T14:23:26+00:00","twitter_card":"summary_large_image","schema":{"@context":"https:\/\/schema.org","@graph":[{"@type":"WebPage","@id":"https:\/\/www.compassrentals.co.uk\/fr\/voyages-en-voiture\/","url":"https:\/\/www.compassrentals.co.uk\/fr\/voyages-en-voiture\/","name":"Voyages en voiture - Compass Campers","isPartOf":{"@id":"https:\/\/www.compassrentals.co.uk\/fr\/#website"},"datePublished":"2025-02-15T14:53:03+00:00","dateModified":"2025-08-17T14:23:26+00:00","breadcrumb":{"@id":"https:\/\/www.compassrentals.co.uk\/fr\/voyages-en-voiture\/#breadcrumb"},"inLanguage":"fr-FR","potentialAction":[{"@type":"ReadAction","target":["https:\/\/www.compassrentals.co.uk\/fr\/voyages-en-voiture\/"]}]},{"@type":"BreadcrumbList","@id":"https:\/\/www.compassrentals.co.uk\/fr\/voyages-en-voiture\/#breadcrumb","itemListElement":[{"@type":"ListItem","position":1,"name":"Home","item":"https:\/\/www.compassrentals.co.uk\/fr\/accueil\/"},{"@type":"ListItem","position":2,"name":"Voyages en voiture"}]},{"@type":"WebSite","@id":"https:\/\/www.compassrentals.co.uk\/fr\/#website","url":"https:\/\/www.compassrentals.co.uk\/fr\/","name":"Compass Campers","description":"Campervan Hire In Scotland","potentialAction":[{"@type":"SearchAction","target":{"@type":"EntryPoint","urlTemplate":"https:\/\/www.compassrentals.co.uk\/fr\/?s={search_term_string}"},"query-input":{"@type":"PropertyValueSpecification","valueRequired":true,"valueName":"search_term_string"}}],"inLanguage":"fr-FR"}]}},"_links":{"self":[{"href":"https:\/\/www.compassrentals.co.uk\/fr\/wp-json\/wp\/v2\/pages\/2959","targetHints":{"allow":["GET"]}}],"collection":[{"href":"https:\/\/www.compassrentals.co.uk\/fr\/wp-json\/wp\/v2\/pages"}],"about":[{"href":"https:\/\/www.compassrentals.co.uk\/fr\/wp-json\/wp\/v2\/types\/page"}],"author":[{"embeddable":true,"href":"https:\/\/www.compassrentals.co.uk\/fr\/wp-json\/wp\/v2\/users\/1"}],"replies":[{"embeddable":true,"href":"https:\/\/www.compassrentals.co.uk\/fr\/wp-json\/wp\/v2\/comments?post=2959"}],"version-history":[{"count":1,"href":"https:\/\/www.compassrentals.co.uk\/fr\/wp-json\/wp\/v2\/pages\/2959\/revisions"}],"predecessor-version":[{"id":2961,"href":"https:\/\/www.compassrentals.co.uk\/fr\/wp-json\/wp\/v2\/pages\/2959\/revisions\/2961"}],"wp:attachment":[{"href":"https:\/\/www.compassrentals.co.uk\/fr\/wp-json\/wp\/v2\/media?parent=2959"}],"curies":[{"name":"wp","href":"https:\/\/api.w.org\/{rel}","templated":true}]}}