{"id":2933,"date":"2025-02-20T11:57:54","date_gmt":"2025-02-20T11:57:54","guid":{"rendered":"https:\/\/www.compassrentals.co.uk\/forfaits\/"},"modified":"2025-08-17T15:22:58","modified_gmt":"2025-08-17T14:22:58","slug":"forfaits","status":"publish","type":"page","link":"https:\/\/www.compassrentals.co.uk\/fr\/forfaits\/","title":{"rendered":"Forfaits"},"content":{"rendered":"\n<section id=\"hero-block_e12cf75d165c6fca20664763c5757c88\" class=\"hero layers bg dark\">\n    <div class=\"layer content elements\">\n        <div class=\"inner text-center tall\">\n            <div class=\"container tall\">\n                <div class=\"detail tall hero-gap \">\n                    <div class=\"hero-header\">\n                        <h1>\n                                                            Forfaits                                                    <\/h1>\n                    <\/div>\n                                    <\/div>\n            <\/div>\n        <\/div>\n    <\/div>\n    <div class=\"layer graphic\">\n        <figure class=\"media banner overlay tall\">\n                            <img fetchpriority=\"high\" decoding=\"async\" width=\"1440\" height=\"600\" src=\"https:\/\/www.compassrentals.co.uk\/wp-content\/uploads\/2025\/04\/banner-summer-hills.jpg\" class=\"attachment-huge size-huge\" alt=\"Van in the sun\" loading=\"eager\" srcset=\"https:\/\/www.compassrentals.co.uk\/wp-content\/uploads\/2025\/04\/banner-summer-hills.jpg 1440w, https:\/\/www.compassrentals.co.uk\/wp-content\/uploads\/2025\/04\/banner-summer-hills-992x413.jpg 992w, https:\/\/www.compassrentals.co.uk\/wp-content\/uploads\/2025\/04\/banner-summer-hills-576x240.jpg 576w, https:\/\/www.compassrentals.co.uk\/wp-content\/uploads\/2025\/04\/banner-summer-hills-1200x500.jpg 1200w, https:\/\/www.compassrentals.co.uk\/wp-content\/uploads\/2025\/04\/banner-summer-hills-335x140.jpg 335w, https:\/\/www.compassrentals.co.uk\/wp-content\/uploads\/2025\/04\/banner-summer-hills-600x250.jpg 600w\" sizes=\"(max-width: 1440px) 100vw, 1440px\" \/>                    <\/figure>\n    <\/div>\n<\/section><section id=\"extras-block_651cdda1960c9928ea5139d6c11c9fa0\"\n         class=\"block-padding bg bleu fonc\u00e9\">\n    <div class=\"container elements group-gap large\">\n        \n    <header class=\"block-intro row justify-content-lg-center\">\n        <div class=\"col-lg-8\">\n            <div class=\"group-gap small text-center\">\n                                    <p>Suppl\u00e9ments<\/p>\n                                <h2>Extras optionnels<\/h2>\n                                    <div class=\"editor\">\n                        <p>Vous cherchez un petit plus&nbsp;? Voici les 3 forfaits suppl\u00e9mentaires que nous proposons pour votre voyage. <\/p>\n                    <\/div>\n                            <\/div>\n        <\/div>\n    <\/header>\n                    <div class=\"swiper cards\"\n                 data-items=\"3\">\n                <div class=\"swiper-wrapper\">\n                                            \n<article id=\"post-719\" class=\"swiper-slide d-flex post-719 extras type-extras status-publish has-post-thumbnail hentry benefits-airport-meet-greet-service-1-way benefits-double-linen-package-double-duvet-4-pillows-2-towels-2-hand-towels benefits-let-us-take-care-of-the-cleaning benefits-unlimited-miles\">\n    <div class=\"card link-cover\">\n        <div class=\"card-top padded text-center group-gap standard\">\n                            <figure class=\"media landscape rounded-area\">\n                    <img decoding=\"async\" width=\"576\" height=\"345\" src=\"https:\/\/www.compassrentals.co.uk\/wp-content\/uploads\/2025\/04\/bronze-576x345.png\" class=\"attachment-thumbnail size-thumbnail wp-post-image\" alt=\"\" loading=\"lazy\" srcset=\"https:\/\/www.compassrentals.co.uk\/wp-content\/uploads\/2025\/04\/bronze-576x345.png 576w, https:\/\/www.compassrentals.co.uk\/wp-content\/uploads\/2025\/04\/bronze-335x201.png 335w, https:\/\/www.compassrentals.co.uk\/wp-content\/uploads\/2025\/04\/bronze-600x360.png 600w, https:\/\/www.compassrentals.co.uk\/wp-content\/uploads\/2025\/04\/bronze.png 874w\" sizes=\"auto, (max-width: 576px) 100vw, 576px\" \/>                <\/figure>\n                        <div class=\"group-gap\">\n                                    <h2 class=\"serif font-increase\">\n                        Bronze                    <\/h2>\n                                                    <h3 class=\"serif\">\n                        \u00a3125                    <\/h3>\n                            <\/div>\n        <\/div>\n        <div class=\"card-bottom padded d-flex flex-column justify-content-between group-gap standard\">\n                                        <ul class=\"checklist font-small\">\n                                            <li>\n                            Airport Meet &amp; Greet Service (1 way)                        <\/li>\n                                            <li>\n                            Double Linen Package (1 double duvet, 1 double bed sheet, 2 pillows &amp; 2 towels)                        <\/li>\n                                            <li>\n                            Let us take care of the cleaning                        <\/li>\n                                            <li>\n                            Unlimited miles                        <\/li>\n                                    <\/ul>\n                                        <div class=\"button-book\">\n                    <button type=\"button\"\n                            class=\"button secondary no-arrow d-flex wide font-small book-button\"\n                            data-bs-toggle=\"modal\"\n                            data-bs-target=\"#booking-modal-719\">\n                        Book now\n                    <\/button>\n                    <div class=\"modal fade\"\n                         id=\"booking-modal-719\"\n                         tabindex=\"-1\"\n                         aria-labelledby=\"booking-modal-title-719\"\n                         aria-hidden=\"true\">\n                        <div class=\"modal-dialog modal-dialog-scrollable modal-xl\">\n                            <div class=\"modal-content\">\n                                <div class=\"modal-header\">\n                                    <h2 class=\"modal-title\"\n                                        id=\"booking-modal-title-719\">\n                                                                                    <span class=\"serif\">Bronze<\/span>\n                                                                            <\/h2>\n                                    <button type=\"button\"\n                                            class=\"trigger menu-trigger close btn-close\"\n                                            data-bs-dismiss=\"modal\">\n                                        <span class=\"visually-hidden\">Close menu<\/span>\n                                    <\/button>\n                                <\/div>\n                                <div class=\"modal-body\">\n                                    <div><script src=\"https:\/\/widgets.bookalet.co.uk\/publish.js\" data-bookalet=\"1e5b6ce6-ade2-4931-a9e4-292d09ab3712\"><\/script><\/div>                                <\/div>\n                            <\/div>\n                        <\/div>\n                    <\/div>\n                <\/div>\n                    <\/div>\n    <\/div>\n<\/article>                                            \n<article id=\"post-718\" class=\"swiper-slide d-flex post-718 extras type-extras status-publish has-post-thumbnail hentry benefits-airport-meet-greet-service-both-ways-2 benefits-double-linen-package-double-duvet-4-pillows-2-towels-2-hand-towels benefits-let-us-take-care-of-the-cleaning benefits-portable-eco-toilet-inc-chemicals benefits-unlimited-miles\">\n    <div class=\"card link-cover\">\n        <div class=\"card-top padded text-center group-gap standard\">\n                            <figure class=\"media landscape rounded-area\">\n                    <img decoding=\"async\" width=\"576\" height=\"345\" src=\"https:\/\/www.compassrentals.co.uk\/wp-content\/uploads\/2025\/04\/silver-576x345.png\" class=\"attachment-thumbnail size-thumbnail wp-post-image\" alt=\"\" loading=\"lazy\" srcset=\"https:\/\/www.compassrentals.co.uk\/wp-content\/uploads\/2025\/04\/silver-576x345.png 576w, https:\/\/www.compassrentals.co.uk\/wp-content\/uploads\/2025\/04\/silver-335x201.png 335w, https:\/\/www.compassrentals.co.uk\/wp-content\/uploads\/2025\/04\/silver-600x360.png 600w, https:\/\/www.compassrentals.co.uk\/wp-content\/uploads\/2025\/04\/silver.png 874w\" sizes=\"auto, (max-width: 576px) 100vw, 576px\" \/>                <\/figure>\n                        <div class=\"group-gap\">\n                                    <h2 class=\"serif font-increase\">\n                        Silver                    <\/h2>\n                                                    <h3 class=\"serif\">\n                        \u00a3175                    <\/h3>\n                            <\/div>\n        <\/div>\n        <div class=\"card-bottom padded d-flex flex-column justify-content-between group-gap standard\">\n                                        <ul class=\"checklist font-small\">\n                                            <li>\n                            Airport Meet &amp; Greet Service (both ways)                        <\/li>\n                                            <li>\n                            Double Linen Package (1 double duvet, 1 double bed sheet, 2 pillows &amp; 2 towels)                        <\/li>\n                                            <li>\n                            Let us take care of the cleaning                        <\/li>\n                                            <li>\n                            Portable ECO Toilet (inc chemicals)                        <\/li>\n                                            <li>\n                            Unlimited miles                        <\/li>\n                                    <\/ul>\n                                        <div class=\"button-book\">\n                    <button type=\"button\"\n                            class=\"button secondary no-arrow d-flex wide font-small book-button\"\n                            data-bs-toggle=\"modal\"\n                            data-bs-target=\"#booking-modal-718\">\n                        Book now\n                    <\/button>\n                    <div class=\"modal fade\"\n                         id=\"booking-modal-718\"\n                         tabindex=\"-1\"\n                         aria-labelledby=\"booking-modal-title-718\"\n                         aria-hidden=\"true\">\n                        <div class=\"modal-dialog modal-dialog-scrollable modal-xl\">\n                            <div class=\"modal-content\">\n                                <div class=\"modal-header\">\n                                    <h2 class=\"modal-title\"\n                                        id=\"booking-modal-title-718\">\n                                                                                    <span class=\"serif\">Silver<\/span>\n                                                                            <\/h2>\n                                    <button type=\"button\"\n                                            class=\"trigger menu-trigger close btn-close\"\n                                            data-bs-dismiss=\"modal\">\n                                        <span class=\"visually-hidden\">Close menu<\/span>\n                                    <\/button>\n                                <\/div>\n                                <div class=\"modal-body\">\n                                    <div><script src=\"https:\/\/widgets.bookalet.co.uk\/publish.js\" data-bookalet=\"1e5b6ce6-ade2-4931-a9e4-292d09ab3712\"><\/script><\/div>                                <\/div>\n                            <\/div>\n                        <\/div>\n                    <\/div>\n                <\/div>\n                    <\/div>\n    <\/div>\n<\/article>                                            \n<article id=\"post-714\" class=\"swiper-slide d-flex post-714 extras type-extras status-publish has-post-thumbnail hentry benefits-airport-meet-greet-service-both-ways benefits-added-drivers benefits-double-linen-package-double-duvet-4-pillows-2-towels-2-hand-towels benefits-let-us-take-care-of-the-cleaning benefits-limited-liability-250-deposit benefits-portable-eco-toilet-inc-chemicals benefits-unlimited-miles benefits-windscreen-mirror-tyre-protection\">\n    <div class=\"card link-cover\">\n        <div class=\"card-top padded text-center group-gap standard\">\n                            <figure class=\"media landscape rounded-area\">\n                    <img decoding=\"async\" width=\"576\" height=\"345\" src=\"https:\/\/www.compassrentals.co.uk\/wp-content\/uploads\/2025\/04\/gold-576x345.png\" class=\"attachment-thumbnail size-thumbnail wp-post-image\" alt=\"\" loading=\"lazy\" srcset=\"https:\/\/www.compassrentals.co.uk\/wp-content\/uploads\/2025\/04\/gold-576x345.png 576w, https:\/\/www.compassrentals.co.uk\/wp-content\/uploads\/2025\/04\/gold-335x201.png 335w, https:\/\/www.compassrentals.co.uk\/wp-content\/uploads\/2025\/04\/gold-600x360.png 600w, https:\/\/www.compassrentals.co.uk\/wp-content\/uploads\/2025\/04\/gold.png 874w\" sizes=\"auto, (max-width: 576px) 100vw, 576px\" \/>                <\/figure>\n                        <div class=\"group-gap\">\n                                    <h2 class=\"serif font-increase\">\n                        Gold                    <\/h2>\n                                                    <h3 class=\"serif\">\n                        \u00a3200                    <\/h3>\n                            <\/div>\n        <\/div>\n        <div class=\"card-bottom padded d-flex flex-column justify-content-between group-gap standard\">\n                                        <ul class=\"checklist font-small\">\n                                            <li>\n                            \u00a0Airport Meet &amp; Greet Service (both ways)                        <\/li>\n                                            <li>\n                            Added drivers                        <\/li>\n                                            <li>\n                            Double Linen Package (1 double duvet, 1 double bed sheet, 2 pillows &amp; 2 towels)                        <\/li>\n                                            <li>\n                            Let us take care of the cleaning                        <\/li>\n                                            <li>\n                            Limited liability (\u00a3250 deposit)                        <\/li>\n                                            <li>\n                            Portable ECO Toilet (inc chemicals)                        <\/li>\n                                            <li>\n                            Unlimited miles                        <\/li>\n                                            <li>\n                            Windscreen, Mirror &amp; Tyre protection                        <\/li>\n                                    <\/ul>\n                                        <div class=\"button-book\">\n                    <button type=\"button\"\n                            class=\"button secondary no-arrow d-flex wide font-small book-button\"\n                            data-bs-toggle=\"modal\"\n                            data-bs-target=\"#booking-modal-714\">\n                        Book now\n                    <\/button>\n                    <div class=\"modal fade\"\n                         id=\"booking-modal-714\"\n                         tabindex=\"-1\"\n                         aria-labelledby=\"booking-modal-title-714\"\n                         aria-hidden=\"true\">\n                        <div class=\"modal-dialog modal-dialog-scrollable modal-xl\">\n                            <div class=\"modal-content\">\n                                <div class=\"modal-header\">\n                                    <h2 class=\"modal-title\"\n                                        id=\"booking-modal-title-714\">\n                                                                                    <span class=\"serif\">Gold<\/span>\n                                                                            <\/h2>\n                                    <button type=\"button\"\n                                            class=\"trigger menu-trigger close btn-close\"\n                                            data-bs-dismiss=\"modal\">\n                                        <span class=\"visually-hidden\">Close menu<\/span>\n                                    <\/button>\n                                <\/div>\n                                <div class=\"modal-body\">\n                                    <div><script src=\"https:\/\/widgets.bookalet.co.uk\/publish.js\" data-bookalet=\"1e5b6ce6-ade2-4931-a9e4-292d09ab3712\"><\/script><\/div>                                <\/div>\n                            <\/div>\n                        <\/div>\n                    <\/div>\n                <\/div>\n                    <\/div>\n    <\/div>\n<\/article>                                    <\/div>\n                <div class=\"swiper-controls\">\n    <div class=\"inner\">\n        <div class=\"swiper-button-prev\"><\/div>\n        <div class=\"swiper-pagination\"><\/div>\n        <div class=\"swiper-button-next\"><\/div>\n    <\/div>\n<\/div>            <\/div>\n                                <\/div>\n<\/section>\n<section id=\"panels-block_f0491365fce3856a9c8e917d2143e366\"\n         class=\"layers stack bg bleu clair\">\n    <div class=\"layer content\">\n        <div class=\"container tall\">\n            <div class=\"row gx-lg-6 tall \">\n                <div class=\"col-lg-6 elements d-flex align-items-center\">\n                    <div class=\"block-padding group-gap small\">\n                                                    <p>Centre d&rsquo;aide<\/p>\n                                                                            <h2>Vous avez des questions ? Nous avons les r\u00e9ponses ! <\/h2>\n                                                                            <div class=\"editor\">\n                                <p>Nous avons rassembl\u00e9 toutes nos questions les plus fr\u00e9quemment pos\u00e9es en un seul endroit. Si vous avez une question, consultez notre centre d&rsquo;aide.<\/p>\n                            <\/div>\n                                                                            <a class=\"button tertiary\" href=\"https:\/\/www.compassrentals.co.uk\/frequently-asked-questions\/\"\n                               target=\"_self\">Vers le centre d&#039;aide<\/a>\n                                            <\/div>\n                <\/div>\n            <\/div>\n        <\/div>\n    <\/div>\n    <div class=\"layer image image-gap\">\n        <div class=\"row g-0 tall justify-content-lg-end\">\n            <div class=\"col-lg-6 tall\">\n                <div class=\"layers tall overflow\">\n                                        <div class=\"layer graphic\">\n                        <figure class=\"media tile tall\">\n                                                            <img decoding=\"async\" width=\"983\" height=\"892\" src=\"https:\/\/www.compassrentals.co.uk\/wp-content\/uploads\/2025\/02\/graphic.png\" class=\"attachment-large size-large\" alt=\"Questions\" loading=\"lazy\" srcset=\"https:\/\/www.compassrentals.co.uk\/wp-content\/uploads\/2025\/02\/graphic.png 983w, https:\/\/www.compassrentals.co.uk\/wp-content\/uploads\/2025\/02\/graphic-576x523.png 576w, https:\/\/www.compassrentals.co.uk\/wp-content\/uploads\/2025\/02\/graphic-335x304.png 335w\" sizes=\"auto, (max-width: 983px) 100vw, 983px\" \/>                                                    <\/figure>\n                    <\/div>\n                <\/div>\n            <\/div>\n        <\/div>\n    <\/div>\n<\/section>","protected":false},"excerpt":{"rendered":"","protected":false},"author":1,"featured_media":0,"parent":0,"menu_order":0,"comment_status":"closed","ping_status":"closed","template":"","meta":{"_acf_changed":false,"footnotes":""},"class_list":["post-2933","page","type-page","status-publish","hentry"],"acf":[],"yoast_head":"<!-- This site is optimized with the Yoast SEO plugin v27.3 - https:\/\/yoast.com\/product\/yoast-seo-wordpress\/ -->\n<title>Forfaits - Compass Campers<\/title>\n<meta name=\"robots\" content=\"index, follow, max-snippet:-1, max-image-preview:large, max-video-preview:-1\" \/>\n<link rel=\"canonical\" href=\"https:\/\/www.compassrentals.co.uk\/fr\/forfaits\/\" \/>\n<meta property=\"og:locale\" content=\"fr_FR\" \/>\n<meta property=\"og:type\" content=\"article\" \/>\n<meta property=\"og:title\" content=\"Forfaits - Compass Campers\" \/>\n<meta property=\"og:url\" content=\"https:\/\/www.compassrentals.co.uk\/fr\/forfaits\/\" \/>\n<meta property=\"og:site_name\" content=\"Compass Campers\" \/>\n<meta property=\"article:modified_time\" content=\"2025-08-17T14:22:58+00:00\" \/>\n<meta name=\"twitter:card\" content=\"summary_large_image\" \/>\n<script type=\"application\/ld+json\" class=\"yoast-schema-graph\">{\"@context\":\"https:\\\/\\\/schema.org\",\"@graph\":[{\"@type\":\"WebPage\",\"@id\":\"https:\\\/\\\/www.compassrentals.co.uk\\\/fr\\\/forfaits\\\/\",\"url\":\"https:\\\/\\\/www.compassrentals.co.uk\\\/fr\\\/forfaits\\\/\",\"name\":\"Forfaits - Compass Campers\",\"isPartOf\":{\"@id\":\"https:\\\/\\\/www.compassrentals.co.uk\\\/fr\\\/#website\"},\"datePublished\":\"2025-02-20T11:57:54+00:00\",\"dateModified\":\"2025-08-17T14:22:58+00:00\",\"breadcrumb\":{\"@id\":\"https:\\\/\\\/www.compassrentals.co.uk\\\/fr\\\/forfaits\\\/#breadcrumb\"},\"inLanguage\":\"fr-FR\",\"potentialAction\":[{\"@type\":\"ReadAction\",\"target\":[\"https:\\\/\\\/www.compassrentals.co.uk\\\/fr\\\/forfaits\\\/\"]}]},{\"@type\":\"BreadcrumbList\",\"@id\":\"https:\\\/\\\/www.compassrentals.co.uk\\\/fr\\\/forfaits\\\/#breadcrumb\",\"itemListElement\":[{\"@type\":\"ListItem\",\"position\":1,\"name\":\"Home\",\"item\":\"https:\\\/\\\/www.compassrentals.co.uk\\\/fr\\\/accueil\\\/\"},{\"@type\":\"ListItem\",\"position\":2,\"name\":\"Forfaits\"}]},{\"@type\":\"WebSite\",\"@id\":\"https:\\\/\\\/www.compassrentals.co.uk\\\/fr\\\/#website\",\"url\":\"https:\\\/\\\/www.compassrentals.co.uk\\\/fr\\\/\",\"name\":\"Compass Campers\",\"description\":\"Campervan Hire In Scotland\",\"potentialAction\":[{\"@type\":\"SearchAction\",\"target\":{\"@type\":\"EntryPoint\",\"urlTemplate\":\"https:\\\/\\\/www.compassrentals.co.uk\\\/fr\\\/?s={search_term_string}\"},\"query-input\":{\"@type\":\"PropertyValueSpecification\",\"valueRequired\":true,\"valueName\":\"search_term_string\"}}],\"inLanguage\":\"fr-FR\"}]}<\/script>\n<!-- \/ Yoast SEO plugin. -->","yoast_head_json":{"title":"Forfaits - Compass Campers","robots":{"index":"index","follow":"follow","max-snippet":"max-snippet:-1","max-image-preview":"max-image-preview:large","max-video-preview":"max-video-preview:-1"},"canonical":"https:\/\/www.compassrentals.co.uk\/fr\/forfaits\/","og_locale":"fr_FR","og_type":"article","og_title":"Forfaits - Compass Campers","og_url":"https:\/\/www.compassrentals.co.uk\/fr\/forfaits\/","og_site_name":"Compass Campers","article_modified_time":"2025-08-17T14:22:58+00:00","twitter_card":"summary_large_image","schema":{"@context":"https:\/\/schema.org","@graph":[{"@type":"WebPage","@id":"https:\/\/www.compassrentals.co.uk\/fr\/forfaits\/","url":"https:\/\/www.compassrentals.co.uk\/fr\/forfaits\/","name":"Forfaits - Compass Campers","isPartOf":{"@id":"https:\/\/www.compassrentals.co.uk\/fr\/#website"},"datePublished":"2025-02-20T11:57:54+00:00","dateModified":"2025-08-17T14:22:58+00:00","breadcrumb":{"@id":"https:\/\/www.compassrentals.co.uk\/fr\/forfaits\/#breadcrumb"},"inLanguage":"fr-FR","potentialAction":[{"@type":"ReadAction","target":["https:\/\/www.compassrentals.co.uk\/fr\/forfaits\/"]}]},{"@type":"BreadcrumbList","@id":"https:\/\/www.compassrentals.co.uk\/fr\/forfaits\/#breadcrumb","itemListElement":[{"@type":"ListItem","position":1,"name":"Home","item":"https:\/\/www.compassrentals.co.uk\/fr\/accueil\/"},{"@type":"ListItem","position":2,"name":"Forfaits"}]},{"@type":"WebSite","@id":"https:\/\/www.compassrentals.co.uk\/fr\/#website","url":"https:\/\/www.compassrentals.co.uk\/fr\/","name":"Compass Campers","description":"Campervan Hire In Scotland","potentialAction":[{"@type":"SearchAction","target":{"@type":"EntryPoint","urlTemplate":"https:\/\/www.compassrentals.co.uk\/fr\/?s={search_term_string}"},"query-input":{"@type":"PropertyValueSpecification","valueRequired":true,"valueName":"search_term_string"}}],"inLanguage":"fr-FR"}]}},"_links":{"self":[{"href":"https:\/\/www.compassrentals.co.uk\/fr\/wp-json\/wp\/v2\/pages\/2933","targetHints":{"allow":["GET"]}}],"collection":[{"href":"https:\/\/www.compassrentals.co.uk\/fr\/wp-json\/wp\/v2\/pages"}],"about":[{"href":"https:\/\/www.compassrentals.co.uk\/fr\/wp-json\/wp\/v2\/types\/page"}],"author":[{"embeddable":true,"href":"https:\/\/www.compassrentals.co.uk\/fr\/wp-json\/wp\/v2\/users\/1"}],"replies":[{"embeddable":true,"href":"https:\/\/www.compassrentals.co.uk\/fr\/wp-json\/wp\/v2\/comments?post=2933"}],"version-history":[{"count":1,"href":"https:\/\/www.compassrentals.co.uk\/fr\/wp-json\/wp\/v2\/pages\/2933\/revisions"}],"predecessor-version":[{"id":2936,"href":"https:\/\/www.compassrentals.co.uk\/fr\/wp-json\/wp\/v2\/pages\/2933\/revisions\/2936"}],"wp:attachment":[{"href":"https:\/\/www.compassrentals.co.uk\/fr\/wp-json\/wp\/v2\/media?parent=2933"}],"curies":[{"name":"wp","href":"https:\/\/api.w.org\/{rel}","templated":true}]}}